{"id":895,"date":"2025-11-14T23:56:42","date_gmt":"2025-11-14T22:56:42","guid":{"rendered":"https:\/\/iberoo.com\/?post_type=product&#038;p=895"},"modified":"2026-04-04T22:05:54","modified_gmt":"2026-04-04T20:05:54","slug":"pois-biologiques-bonduelle","status":"publish","type":"product","link":"https:\/\/iberoo.com\/fr\/produit\/pois-biologiques-bonduelle\/","title":{"rendered":"pois biologiques Bonduelle"},"content":{"rendered":"<p>Les petits pois bio Bonduelle sont le choix id\u00e9al pour ceux qui recherchent une saveur authentique et fra\u00eeche, garantie par un produit cultiv\u00e9 de mani\u00e8re responsable et respectueuse de l'environnement. Ce format pratique de deux bo\u00eetes de 130 g vous assure d'avoir toujours sous la main des petits pois tendres, cultiv\u00e9s selon les normes les plus strictes de l'agriculture biologique, pr\u00eats \u00e0 accompagner vos plats en un clin d'\u0153il.<\/p>\n<p>Chaque petit pois Bonduelle est r\u00e9colt\u00e9 \u00e0 pleine maturit\u00e9, ce qui garantit une texture onctueuse et une saveur naturellement sucr\u00e9e. Ces petits pois biologiques sont non seulement d\u00e9licieux, mais aussi sains, car cultiv\u00e9s sans pesticides ni produits chimiques de synth\u00e8se, ils pr\u00e9servent tous les bienfaits de la nature. Ils sont parfaits pour celles et ceux qui recherchent un mode de vie plus sain et plus respectueux de l'environnement, sans renoncer au go\u00fbt authentique des l\u00e9gumes frais.<\/p>\n<p>Gr\u00e2ce \u00e0 leur format pratique en conserve, les petits pois bio Bonduelle sont parfaits \u00e0 avoir toujours sous la main dans vos placards. En quelques minutes, savourez un accompagnement rapide et nutritif, ou ajoutez-les \u00e0 vos salades, soupes, plats de riz ou tout autre plat auquel vous souhaitez apporter une touche de fra\u00eecheur et de couleur. De plus, \u00e9tant bio, vous avez la certitude de faire un choix respectueux de l'environnement, sans compromis sur la qualit\u00e9 ni le go\u00fbt.<\/p>\n<p>Les petits pois bio Bonduelle sont une source naturelle de fibres, de vitamines et d'antioxydants, ce qui en fait un excellent choix pour enrichir facilement et d\u00e9licieusement votre alimentation quotidienne. Parfaits pour toute la famille, ces petits pois sont id\u00e9aux pour ceux qui recherchent des aliments plus naturels et nutritifs.<\/p>\n<p>Avec Bonduelle, qualit\u00e9 et respect de la nature sont indissociables. Savourez tous les bienfaits du jardin avec les petits pois bio Bonduelle, un produit pratique et d\u00e9licieux, riche en vertus !<\/p>","protected":false},"excerpt":{"rendered":"<p>De d\u00e9licieux et tendres petits pois bio de la marque Bonduelle Bio, en paquet de 2 bo\u00eetes de 130 g (poids net \u00e9goutt\u00e9) chacune.<\/p>","protected":false},"featured_media":925,"comment_status":"closed","ping_status":"closed","template":"","meta":[],"product_brand":[93],"product_cat":[78],"product_tag":[],"class_list":{"0":"post-895","1":"product","2":"type-product","3":"status-publish","4":"has-post-thumbnail","6":"product_brand-bonduelle","7":"product_cat-conservas-vegetales","9":"first","10":"instock","11":"shipping-taxable","12":"purchasable","13":"product-type-simple"},"yoast_head":"<!-- This site is optimized with the Yoast SEO plugin v27.3 - https:\/\/yoast.com\/product\/yoast-seo-wordpress\/ -->\n<title>Guisantes Ecol\u00f3gicos Bonduelle - Iberoo<\/title>\n<meta name=\"description\" content=\"Exquisitos y tiernos guisantes ecol\u00f3gicos de la marca Bonduelle Bio en pack de 2 latas de 130g de peso neto escurrido cada una.\" \/>\n<meta name=\"robots\" content=\"index, follow, max-snippet:-1, max-image-preview:large, max-video-preview:-1\" \/>\n<link rel=\"canonical\" href=\"https:\/\/iberoo.com\/fr\/produit\/pois-biologiques-bonduelle\/\" \/>\n<meta property=\"og:locale\" content=\"fr_FR\" \/>\n<meta property=\"og:type\" content=\"article\" \/>\n<meta property=\"og:title\" content=\"Guisantes Ecol\u00f3gicos Bonduelle - Iberoo\" \/>\n<meta property=\"og:description\" content=\"Exquisitos y tiernos guisantes ecol\u00f3gicos de la marca Bonduelle Bio en pack de 2 latas de 130g de peso neto escurrido cada una.\" \/>\n<meta property=\"og:url\" content=\"https:\/\/iberoo.com\/fr\/produit\/pois-biologiques-bonduelle\/\" \/>\n<meta property=\"og:site_name\" content=\"Iberoo\" \/>\n<meta property=\"article:modified_time\" content=\"2026-04-04T20:05:54+00:00\" \/>\n<meta property=\"og:image\" content=\"https:\/\/iberoo.com\/wp-content\/uploads\/2025\/11\/guisantes-ecologicos-bonduelle-1.jpg\" \/>\n\t<meta property=\"og:image:width\" content=\"1500\" \/>\n\t<meta property=\"og:image:height\" content=\"1500\" \/>\n\t<meta property=\"og:image:type\" content=\"image\/jpeg\" \/>\n<meta name=\"twitter:card\" content=\"summary_large_image\" \/>\n<meta name=\"twitter:label1\" content=\"Prix\" \/>\n\t<meta name=\"twitter:data1\" content=\"5,75&nbsp;&euro;\" \/>\n\t<meta name=\"twitter:label2\" content=\"Disponibilit\u00e9\" \/>\n\t<meta name=\"twitter:data2\" content=\"En stock\" \/>\n<script type=\"application\/ld+json\" class=\"yoast-schema-graph\">{\"@context\":\"https:\\\/\\\/schema.org\",\"@graph\":[{\"@type\":\"WebPage\",\"@id\":\"https:\\\/\\\/iberoo.com\\\/producto\\\/guisantes-ecologicos-bonduelle\\\/\",\"url\":\"https:\\\/\\\/iberoo.com\\\/producto\\\/guisantes-ecologicos-bonduelle\\\/\",\"name\":\"Guisantes Ecol\u00f3gicos Bonduelle - Iberoo\",\"isPartOf\":{\"@id\":\"https:\\\/\\\/iberoo.com\\\/#website\"},\"primaryImageOfPage\":{\"@id\":\"https:\\\/\\\/iberoo.com\\\/producto\\\/guisantes-ecologicos-bonduelle\\\/#primaryimage\"},\"image\":{\"@id\":\"https:\\\/\\\/iberoo.com\\\/producto\\\/guisantes-ecologicos-bonduelle\\\/#primaryimage\"},\"thumbnailUrl\":\"https:\\\/\\\/iberoo.com\\\/wp-content\\\/uploads\\\/2025\\\/11\\\/guisantes-ecologicos-bonduelle-1.jpg\",\"datePublished\":\"2025-11-14T22:56:42+00:00\",\"dateModified\":\"2026-04-04T20:05:54+00:00\",\"description\":\"Exquisitos y tiernos guisantes ecol\u00f3gicos de la marca Bonduelle Bio en pack de 2 latas de 130g de peso neto escurrido cada una.\",\"breadcrumb\":{\"@id\":\"https:\\\/\\\/iberoo.com\\\/producto\\\/guisantes-ecologicos-bonduelle\\\/#breadcrumb\"},\"inLanguage\":\"fr-FR\",\"potentialAction\":[{\"@type\":\"ReadAction\",\"target\":[\"https:\\\/\\\/iberoo.com\\\/producto\\\/guisantes-ecologicos-bonduelle\\\/\"]}]},{\"@type\":\"ImageObject\",\"inLanguage\":\"fr-FR\",\"@id\":\"https:\\\/\\\/iberoo.com\\\/producto\\\/guisantes-ecologicos-bonduelle\\\/#primaryimage\",\"url\":\"https:\\\/\\\/iberoo.com\\\/wp-content\\\/uploads\\\/2025\\\/11\\\/guisantes-ecologicos-bonduelle-1.jpg\",\"contentUrl\":\"https:\\\/\\\/iberoo.com\\\/wp-content\\\/uploads\\\/2025\\\/11\\\/guisantes-ecologicos-bonduelle-1.jpg\",\"width\":1500,\"height\":1500,\"caption\":\"Guisantes Ecol\u00f3gicos Bonduelle\"},{\"@type\":\"BreadcrumbList\",\"@id\":\"https:\\\/\\\/iberoo.com\\\/producto\\\/guisantes-ecologicos-bonduelle\\\/#breadcrumb\",\"itemListElement\":[{\"@type\":\"ListItem\",\"position\":1,\"name\":\"Portada\",\"item\":\"https:\\\/\\\/iberoo.com\\\/\"},{\"@type\":\"ListItem\",\"position\":2,\"name\":\"Tienda Online\",\"item\":\"https:\\\/\\\/iberoo.com\\\/tienda\\\/\"},{\"@type\":\"ListItem\",\"position\":3,\"name\":\"Guisantes Ecol\u00f3gicos Bonduelle\"}]},{\"@type\":\"WebSite\",\"@id\":\"https:\\\/\\\/iberoo.com\\\/#website\",\"url\":\"https:\\\/\\\/iberoo.com\\\/\",\"name\":\"Iberoo\",\"description\":\"\",\"publisher\":{\"@id\":\"https:\\\/\\\/iberoo.com\\\/#organization\"},\"potentialAction\":[{\"@type\":\"SearchAction\",\"target\":{\"@type\":\"EntryPoint\",\"urlTemplate\":\"https:\\\/\\\/iberoo.com\\\/?s={search_term_string}\"},\"query-input\":{\"@type\":\"PropertyValueSpecification\",\"valueRequired\":true,\"valueName\":\"search_term_string\"}}],\"inLanguage\":\"fr-FR\"},{\"@type\":\"Organization\",\"@id\":\"https:\\\/\\\/iberoo.com\\\/#organization\",\"name\":\"Iberoo\",\"url\":\"https:\\\/\\\/iberoo.com\\\/\",\"logo\":{\"@type\":\"ImageObject\",\"inLanguage\":\"fr-FR\",\"@id\":\"https:\\\/\\\/iberoo.com\\\/#\\\/schema\\\/logo\\\/image\\\/\",\"url\":\"https:\\\/\\\/iberoo.com\\\/wp-content\\\/uploads\\\/2025\\\/11\\\/logo-cuadrado.jpg\",\"contentUrl\":\"https:\\\/\\\/iberoo.com\\\/wp-content\\\/uploads\\\/2025\\\/11\\\/logo-cuadrado.jpg\",\"width\":700,\"height\":700,\"caption\":\"Iberoo\"},\"image\":{\"@id\":\"https:\\\/\\\/iberoo.com\\\/#\\\/schema\\\/logo\\\/image\\\/\"}}]}<\/script>\n<meta property=\"product:brand\" content=\"Bonduelle\" \/>\n<meta property=\"product:price:amount\" content=\"5.75\" \/>\n<meta property=\"product:price:currency\" content=\"EUR\" \/>\n<meta property=\"og:availability\" content=\"instock\" \/>\n<meta property=\"product:availability\" content=\"instock\" \/>\n<meta property=\"product:condition\" content=\"new\" \/>\n<!-- \/ Yoast SEO plugin. -->","yoast_head_json":{"title":"Pois Biologiques Bonduelle - Iberoo","description":"De d\u00e9licieux et tendres petits pois bio de la marque Bonduelle Bio, en paquet de 2 bo\u00eetes de 130 g (poids net \u00e9goutt\u00e9) chacune.","robots":{"index":"index","follow":"follow","max-snippet":"max-snippet:-1","max-image-preview":"max-image-preview:large","max-video-preview":"max-video-preview:-1"},"canonical":"https:\/\/iberoo.com\/fr\/produit\/pois-biologiques-bonduelle\/","og_locale":"fr_FR","og_type":"article","og_title":"Guisantes Ecol\u00f3gicos Bonduelle - Iberoo","og_description":"Exquisitos y tiernos guisantes ecol\u00f3gicos de la marca Bonduelle Bio en pack de 2 latas de 130g de peso neto escurrido cada una.","og_url":"https:\/\/iberoo.com\/fr\/produit\/pois-biologiques-bonduelle\/","og_site_name":"Iberoo","article_modified_time":"2026-04-04T20:05:54+00:00","og_image":[{"width":1500,"height":1500,"url":"https:\/\/iberoo.com\/wp-content\/uploads\/2025\/11\/guisantes-ecologicos-bonduelle-1.jpg","type":"image\/jpeg"}],"twitter_card":"summary_large_image","twitter_misc":{"Prix":"5,75&nbsp;&euro;","Disponibilit\u00e9":"En stock"},"schema":{"@context":"https:\/\/schema.org","@graph":[{"@type":"WebPage","@id":"https:\/\/iberoo.com\/producto\/guisantes-ecologicos-bonduelle\/","url":"https:\/\/iberoo.com\/producto\/guisantes-ecologicos-bonduelle\/","name":"Pois Biologiques Bonduelle - Iberoo","isPartOf":{"@id":"https:\/\/iberoo.com\/#website"},"primaryImageOfPage":{"@id":"https:\/\/iberoo.com\/producto\/guisantes-ecologicos-bonduelle\/#primaryimage"},"image":{"@id":"https:\/\/iberoo.com\/producto\/guisantes-ecologicos-bonduelle\/#primaryimage"},"thumbnailUrl":"https:\/\/iberoo.com\/wp-content\/uploads\/2025\/11\/guisantes-ecologicos-bonduelle-1.jpg","datePublished":"2025-11-14T22:56:42+00:00","dateModified":"2026-04-04T20:05:54+00:00","description":"De d\u00e9licieux et tendres petits pois bio de la marque Bonduelle Bio, en paquet de 2 bo\u00eetes de 130 g (poids net \u00e9goutt\u00e9) chacune.","breadcrumb":{"@id":"https:\/\/iberoo.com\/producto\/guisantes-ecologicos-bonduelle\/#breadcrumb"},"inLanguage":"fr-FR","potentialAction":[{"@type":"ReadAction","target":["https:\/\/iberoo.com\/producto\/guisantes-ecologicos-bonduelle\/"]}]},{"@type":"ImageObject","inLanguage":"fr-FR","@id":"https:\/\/iberoo.com\/producto\/guisantes-ecologicos-bonduelle\/#primaryimage","url":"https:\/\/iberoo.com\/wp-content\/uploads\/2025\/11\/guisantes-ecologicos-bonduelle-1.jpg","contentUrl":"https:\/\/iberoo.com\/wp-content\/uploads\/2025\/11\/guisantes-ecologicos-bonduelle-1.jpg","width":1500,"height":1500,"caption":"Guisantes Ecol\u00f3gicos Bonduelle"},{"@type":"BreadcrumbList","@id":"https:\/\/iberoo.com\/producto\/guisantes-ecologicos-bonduelle\/#breadcrumb","itemListElement":[{"@type":"ListItem","position":1,"name":"Portada","item":"https:\/\/iberoo.com\/"},{"@type":"ListItem","position":2,"name":"Tienda Online","item":"https:\/\/iberoo.com\/tienda\/"},{"@type":"ListItem","position":3,"name":"Guisantes Ecol\u00f3gicos Bonduelle"}]},{"@type":"WebSite","@id":"https:\/\/iberoo.com\/#website","url":"https:\/\/iberoo.com\/","name":"Iberoo","description":"","publisher":{"@id":"https:\/\/iberoo.com\/#organization"},"potentialAction":[{"@type":"SearchAction","target":{"@type":"EntryPoint","urlTemplate":"https:\/\/iberoo.com\/?s={search_term_string}"},"query-input":{"@type":"PropertyValueSpecification","valueRequired":true,"valueName":"search_term_string"}}],"inLanguage":"fr-FR"},{"@type":"Organization","@id":"https:\/\/iberoo.com\/#organization","name":"Iberoo","url":"https:\/\/iberoo.com\/","logo":{"@type":"ImageObject","inLanguage":"fr-FR","@id":"https:\/\/iberoo.com\/#\/schema\/logo\/image\/","url":"https:\/\/iberoo.com\/wp-content\/uploads\/2025\/11\/logo-cuadrado.jpg","contentUrl":"https:\/\/iberoo.com\/wp-content\/uploads\/2025\/11\/logo-cuadrado.jpg","width":700,"height":700,"caption":"Iberoo"},"image":{"@id":"https:\/\/iberoo.com\/#\/schema\/logo\/image\/"}}]},"product_brand":"Bonduelle","product_price_amount":"5.75","product_price_currency":"EUR","og_availability":"instock","product_availability":"instock","product_condition":"new"},"_links":{"self":[{"href":"https:\/\/iberoo.com\/fr\/wp-json\/wp\/v2\/product\/895","targetHints":{"allow":["GET"]}}],"collection":[{"href":"https:\/\/iberoo.com\/fr\/wp-json\/wp\/v2\/product"}],"about":[{"href":"https:\/\/iberoo.com\/fr\/wp-json\/wp\/v2\/types\/product"}],"replies":[{"embeddable":true,"href":"https:\/\/iberoo.com\/fr\/wp-json\/wp\/v2\/comments?post=895"}],"wp:featuredmedia":[{"embeddable":true,"href":"https:\/\/iberoo.com\/fr\/wp-json\/wp\/v2\/media\/925"}],"wp:attachment":[{"href":"https:\/\/iberoo.com\/fr\/wp-json\/wp\/v2\/media?parent=895"}],"wp:term":[{"taxonomy":"product_brand","embeddable":true,"href":"https:\/\/iberoo.com\/fr\/wp-json\/wp\/v2\/product_brand?post=895"},{"taxonomy":"product_cat","embeddable":true,"href":"https:\/\/iberoo.com\/fr\/wp-json\/wp\/v2\/product_cat?post=895"},{"taxonomy":"product_tag","embeddable":true,"href":"https:\/\/iberoo.com\/fr\/wp-json\/wp\/v2\/product_tag?post=895"}],"curies":[{"name":"wp","href":"https:\/\/api.w.org\/{rel}","templated":true}]}}