{"id":901,"date":"2025-11-14T23:56:43","date_gmt":"2025-11-14T22:56:43","guid":{"rendered":"https:\/\/iberoo.com\/?post_type=product&#038;p=901"},"modified":"2026-04-04T22:14:11","modified_gmt":"2026-04-04T20:14:11","slug":"betterave-tranchee-bonduelle","status":"publish","type":"product","link":"https:\/\/iberoo.com\/fr\/produit\/betterave-tranchee-bonduelle\/","title":{"rendered":"Betterave tranch\u00e9e Bonduelle"},"content":{"rendered":"<p>Les betteraves tranch\u00e9es Bonduelle sont la fa\u00e7on la plus simple et la plus savoureuse d'int\u00e9grer ce l\u00e9gume riche en nutriments \u00e0 votre alimentation. Avec leur saveur douce et l\u00e9g\u00e8rement terreuse, les betteraves font partie de ces l\u00e9gumes qui, en plus d'apporter une touche de couleur, offrent de nombreux bienfaits pour la sant\u00e9. Avec Bonduelle, une marque reconnue pour son engagement envers la qualit\u00e9, vous pouvez savourer des betteraves fra\u00eeches et pr\u00eates \u00e0 consommer \u00e0 tout moment.<\/p>\n<p>Les betteraves tranch\u00e9es Bonduelle sont soigneusement s\u00e9lectionn\u00e9es et conditionn\u00e9es pour pr\u00e9server leur fra\u00eecheur, leur saveur et leurs qualit\u00e9s nutritionnelles. Elles sont parfaites pour apporter une touche de couleur et de saveur \u00e0 vos salades, mais aussi id\u00e9ales pour accompagner les viandes, les plats de riz, ou m\u00eame pour pr\u00e9parer des cr\u00e8mes et des soupes. Leur texture tendre et leur douceur naturelle en font un ingr\u00e9dient polyvalent en cuisine, parfait pour donner une touche d'originalit\u00e9 \u00e0 vos plats du quotidien.<\/p>\n<p>Outre sa saveur d\u00e9licieuse, la betterave est r\u00e9put\u00e9e pour ses bienfaits sur la sant\u00e9\u00a0: riche en fibres, en antioxydants, en vitamines et en min\u00e9raux comme le fer, elle est un excellent moyen de prendre soin de soi tout en savourant un go\u00fbt authentique et naturel.<\/p>\n<p>Les betteraves tranch\u00e9es Bonduelle sont si faciles \u00e0 utiliser qu'elles s'accordent parfaitement avec tous vos repas. En accompagnement, en plat principal ou simplement comme en-cas sain, ce produit vous offre une fa\u00e7on pratique et d\u00e9licieuse d'int\u00e9grer la betterave \u00e0 votre alimentation quotidienne en toute simplicit\u00e9.<\/p>\n<p>Avec Bonduelle, vous avez l'assurance de choisir un produit de qualit\u00e9, au go\u00fbt et aux bienfaits que vous attendez, et la garantie d'une marque leader en alimentation v\u00e9g\u00e9tale. Sublimez vos plats avec les betteraves tranch\u00e9es Bonduelle\u00a0!<\/p>","protected":false},"excerpt":{"rendered":"<p>Betteraves tranch\u00e9es de marque Bonduelle, en bocal de 305 g (poids net \u00e9goutt\u00e9). Id\u00e9ales pour accompagner vos salades pr\u00e9f\u00e9r\u00e9es.<\/p>","protected":false},"featured_media":930,"comment_status":"closed","ping_status":"closed","template":"","meta":[],"product_brand":[93],"product_cat":[78],"product_tag":[],"class_list":{"0":"post-901","1":"product","2":"type-product","3":"status-publish","4":"has-post-thumbnail","6":"product_brand-bonduelle","7":"product_cat-conservas-vegetales","9":"first","10":"instock","11":"shipping-taxable","12":"purchasable","13":"product-type-simple"},"yoast_head":"<!-- This site is optimized with the Yoast SEO plugin v27.3 - https:\/\/yoast.com\/product\/yoast-seo-wordpress\/ -->\n<title>Remolacha en Rodajas Bonduelle - Iberoo<\/title>\n<meta name=\"description\" content=\"Remolacha en rodajas de la marca Bonduelle en tarro de 305g de peso neto escurrido. Ideal para acompa\u00f1ar tus ensaladas favoritas.\" \/>\n<meta name=\"robots\" content=\"index, follow, max-snippet:-1, max-image-preview:large, max-video-preview:-1\" \/>\n<link rel=\"canonical\" href=\"https:\/\/iberoo.com\/fr\/produit\/betterave-tranchee-bonduelle\/\" \/>\n<meta property=\"og:locale\" content=\"fr_FR\" \/>\n<meta property=\"og:type\" content=\"article\" \/>\n<meta property=\"og:title\" content=\"Remolacha en Rodajas Bonduelle - Iberoo\" \/>\n<meta property=\"og:description\" content=\"Remolacha en rodajas de la marca Bonduelle en tarro de 305g de peso neto escurrido. Ideal para acompa\u00f1ar tus ensaladas favoritas.\" \/>\n<meta property=\"og:url\" content=\"https:\/\/iberoo.com\/fr\/produit\/betterave-tranchee-bonduelle\/\" \/>\n<meta property=\"og:site_name\" content=\"Iberoo\" \/>\n<meta property=\"article:modified_time\" content=\"2026-04-04T20:14:11+00:00\" \/>\n<meta property=\"og:image\" content=\"https:\/\/iberoo.com\/wp-content\/uploads\/2025\/11\/remolacha-rodajas-bonduelle-1.webp\" \/>\n\t<meta property=\"og:image:width\" content=\"1500\" \/>\n\t<meta property=\"og:image:height\" content=\"1500\" \/>\n\t<meta property=\"og:image:type\" content=\"image\/webp\" \/>\n<meta name=\"twitter:card\" content=\"summary_large_image\" \/>\n<meta name=\"twitter:label1\" content=\"Prix\" \/>\n\t<meta name=\"twitter:data1\" content=\"4,85&nbsp;&euro;\" \/>\n\t<meta name=\"twitter:label2\" content=\"Disponibilit\u00e9\" \/>\n\t<meta name=\"twitter:data2\" content=\"En stock\" \/>\n<script type=\"application\/ld+json\" class=\"yoast-schema-graph\">{\"@context\":\"https:\\\/\\\/schema.org\",\"@graph\":[{\"@type\":\"WebPage\",\"@id\":\"https:\\\/\\\/iberoo.com\\\/producto\\\/remolacha-en-rodajas-bonduelle\\\/\",\"url\":\"https:\\\/\\\/iberoo.com\\\/producto\\\/remolacha-en-rodajas-bonduelle\\\/\",\"name\":\"Remolacha en Rodajas Bonduelle - Iberoo\",\"isPartOf\":{\"@id\":\"https:\\\/\\\/iberoo.com\\\/#website\"},\"primaryImageOfPage\":{\"@id\":\"https:\\\/\\\/iberoo.com\\\/producto\\\/remolacha-en-rodajas-bonduelle\\\/#primaryimage\"},\"image\":{\"@id\":\"https:\\\/\\\/iberoo.com\\\/producto\\\/remolacha-en-rodajas-bonduelle\\\/#primaryimage\"},\"thumbnailUrl\":\"https:\\\/\\\/iberoo.com\\\/wp-content\\\/uploads\\\/2025\\\/11\\\/remolacha-rodajas-bonduelle-1.webp\",\"datePublished\":\"2025-11-14T22:56:43+00:00\",\"dateModified\":\"2026-04-04T20:14:11+00:00\",\"description\":\"Remolacha en rodajas de la marca Bonduelle en tarro de 305g de peso neto escurrido. Ideal para acompa\u00f1ar tus ensaladas favoritas.\",\"breadcrumb\":{\"@id\":\"https:\\\/\\\/iberoo.com\\\/producto\\\/remolacha-en-rodajas-bonduelle\\\/#breadcrumb\"},\"inLanguage\":\"fr-FR\",\"potentialAction\":[{\"@type\":\"ReadAction\",\"target\":[\"https:\\\/\\\/iberoo.com\\\/producto\\\/remolacha-en-rodajas-bonduelle\\\/\"]}]},{\"@type\":\"ImageObject\",\"inLanguage\":\"fr-FR\",\"@id\":\"https:\\\/\\\/iberoo.com\\\/producto\\\/remolacha-en-rodajas-bonduelle\\\/#primaryimage\",\"url\":\"https:\\\/\\\/iberoo.com\\\/wp-content\\\/uploads\\\/2025\\\/11\\\/remolacha-rodajas-bonduelle-1.webp\",\"contentUrl\":\"https:\\\/\\\/iberoo.com\\\/wp-content\\\/uploads\\\/2025\\\/11\\\/remolacha-rodajas-bonduelle-1.webp\",\"width\":1500,\"height\":1500,\"caption\":\"Remolacha en Rodajas Bonduelle\"},{\"@type\":\"BreadcrumbList\",\"@id\":\"https:\\\/\\\/iberoo.com\\\/producto\\\/remolacha-en-rodajas-bonduelle\\\/#breadcrumb\",\"itemListElement\":[{\"@type\":\"ListItem\",\"position\":1,\"name\":\"Portada\",\"item\":\"https:\\\/\\\/iberoo.com\\\/\"},{\"@type\":\"ListItem\",\"position\":2,\"name\":\"Tienda Online\",\"item\":\"https:\\\/\\\/iberoo.com\\\/tienda\\\/\"},{\"@type\":\"ListItem\",\"position\":3,\"name\":\"Remolacha en Rodajas Bonduelle\"}]},{\"@type\":\"WebSite\",\"@id\":\"https:\\\/\\\/iberoo.com\\\/#website\",\"url\":\"https:\\\/\\\/iberoo.com\\\/\",\"name\":\"Iberoo\",\"description\":\"\",\"publisher\":{\"@id\":\"https:\\\/\\\/iberoo.com\\\/#organization\"},\"potentialAction\":[{\"@type\":\"SearchAction\",\"target\":{\"@type\":\"EntryPoint\",\"urlTemplate\":\"https:\\\/\\\/iberoo.com\\\/?s={search_term_string}\"},\"query-input\":{\"@type\":\"PropertyValueSpecification\",\"valueRequired\":true,\"valueName\":\"search_term_string\"}}],\"inLanguage\":\"fr-FR\"},{\"@type\":\"Organization\",\"@id\":\"https:\\\/\\\/iberoo.com\\\/#organization\",\"name\":\"Iberoo\",\"url\":\"https:\\\/\\\/iberoo.com\\\/\",\"logo\":{\"@type\":\"ImageObject\",\"inLanguage\":\"fr-FR\",\"@id\":\"https:\\\/\\\/iberoo.com\\\/#\\\/schema\\\/logo\\\/image\\\/\",\"url\":\"https:\\\/\\\/iberoo.com\\\/wp-content\\\/uploads\\\/2025\\\/11\\\/logo-cuadrado.jpg\",\"contentUrl\":\"https:\\\/\\\/iberoo.com\\\/wp-content\\\/uploads\\\/2025\\\/11\\\/logo-cuadrado.jpg\",\"width\":700,\"height\":700,\"caption\":\"Iberoo\"},\"image\":{\"@id\":\"https:\\\/\\\/iberoo.com\\\/#\\\/schema\\\/logo\\\/image\\\/\"}}]}<\/script>\n<meta property=\"product:brand\" content=\"Bonduelle\" \/>\n<meta property=\"product:price:amount\" content=\"4.85\" \/>\n<meta property=\"product:price:currency\" content=\"EUR\" \/>\n<meta property=\"og:availability\" content=\"instock\" \/>\n<meta property=\"product:availability\" content=\"instock\" \/>\n<meta property=\"product:condition\" content=\"new\" \/>\n<!-- \/ Yoast SEO plugin. -->","yoast_head_json":{"title":"Betterave tranch\u00e9e Bonduelle - Iberoo","description":"Betteraves tranch\u00e9es de marque Bonduelle, en bocal de 305 g (poids net \u00e9goutt\u00e9). Id\u00e9ales pour accompagner vos salades pr\u00e9f\u00e9r\u00e9es.","robots":{"index":"index","follow":"follow","max-snippet":"max-snippet:-1","max-image-preview":"max-image-preview:large","max-video-preview":"max-video-preview:-1"},"canonical":"https:\/\/iberoo.com\/fr\/produit\/betterave-tranchee-bonduelle\/","og_locale":"fr_FR","og_type":"article","og_title":"Remolacha en Rodajas Bonduelle - Iberoo","og_description":"Remolacha en rodajas de la marca Bonduelle en tarro de 305g de peso neto escurrido. Ideal para acompa\u00f1ar tus ensaladas favoritas.","og_url":"https:\/\/iberoo.com\/fr\/produit\/betterave-tranchee-bonduelle\/","og_site_name":"Iberoo","article_modified_time":"2026-04-04T20:14:11+00:00","og_image":[{"width":1500,"height":1500,"url":"https:\/\/iberoo.com\/wp-content\/uploads\/2025\/11\/remolacha-rodajas-bonduelle-1.webp","type":"image\/webp"}],"twitter_card":"summary_large_image","twitter_misc":{"Prix":"4,85&nbsp;&euro;","Disponibilit\u00e9":"En stock"},"schema":{"@context":"https:\/\/schema.org","@graph":[{"@type":"WebPage","@id":"https:\/\/iberoo.com\/producto\/remolacha-en-rodajas-bonduelle\/","url":"https:\/\/iberoo.com\/producto\/remolacha-en-rodajas-bonduelle\/","name":"Betterave tranch\u00e9e Bonduelle - Iberoo","isPartOf":{"@id":"https:\/\/iberoo.com\/#website"},"primaryImageOfPage":{"@id":"https:\/\/iberoo.com\/producto\/remolacha-en-rodajas-bonduelle\/#primaryimage"},"image":{"@id":"https:\/\/iberoo.com\/producto\/remolacha-en-rodajas-bonduelle\/#primaryimage"},"thumbnailUrl":"https:\/\/iberoo.com\/wp-content\/uploads\/2025\/11\/remolacha-rodajas-bonduelle-1.webp","datePublished":"2025-11-14T22:56:43+00:00","dateModified":"2026-04-04T20:14:11+00:00","description":"Betteraves tranch\u00e9es de marque Bonduelle, en bocal de 305 g (poids net \u00e9goutt\u00e9). Id\u00e9ales pour accompagner vos salades pr\u00e9f\u00e9r\u00e9es.","breadcrumb":{"@id":"https:\/\/iberoo.com\/producto\/remolacha-en-rodajas-bonduelle\/#breadcrumb"},"inLanguage":"fr-FR","potentialAction":[{"@type":"ReadAction","target":["https:\/\/iberoo.com\/producto\/remolacha-en-rodajas-bonduelle\/"]}]},{"@type":"ImageObject","inLanguage":"fr-FR","@id":"https:\/\/iberoo.com\/producto\/remolacha-en-rodajas-bonduelle\/#primaryimage","url":"https:\/\/iberoo.com\/wp-content\/uploads\/2025\/11\/remolacha-rodajas-bonduelle-1.webp","contentUrl":"https:\/\/iberoo.com\/wp-content\/uploads\/2025\/11\/remolacha-rodajas-bonduelle-1.webp","width":1500,"height":1500,"caption":"Remolacha en Rodajas Bonduelle"},{"@type":"BreadcrumbList","@id":"https:\/\/iberoo.com\/producto\/remolacha-en-rodajas-bonduelle\/#breadcrumb","itemListElement":[{"@type":"ListItem","position":1,"name":"Portada","item":"https:\/\/iberoo.com\/"},{"@type":"ListItem","position":2,"name":"Tienda Online","item":"https:\/\/iberoo.com\/tienda\/"},{"@type":"ListItem","position":3,"name":"Remolacha en Rodajas Bonduelle"}]},{"@type":"WebSite","@id":"https:\/\/iberoo.com\/#website","url":"https:\/\/iberoo.com\/","name":"Iberoo","description":"","publisher":{"@id":"https:\/\/iberoo.com\/#organization"},"potentialAction":[{"@type":"SearchAction","target":{"@type":"EntryPoint","urlTemplate":"https:\/\/iberoo.com\/?s={search_term_string}"},"query-input":{"@type":"PropertyValueSpecification","valueRequired":true,"valueName":"search_term_string"}}],"inLanguage":"fr-FR"},{"@type":"Organization","@id":"https:\/\/iberoo.com\/#organization","name":"Iberoo","url":"https:\/\/iberoo.com\/","logo":{"@type":"ImageObject","inLanguage":"fr-FR","@id":"https:\/\/iberoo.com\/#\/schema\/logo\/image\/","url":"https:\/\/iberoo.com\/wp-content\/uploads\/2025\/11\/logo-cuadrado.jpg","contentUrl":"https:\/\/iberoo.com\/wp-content\/uploads\/2025\/11\/logo-cuadrado.jpg","width":700,"height":700,"caption":"Iberoo"},"image":{"@id":"https:\/\/iberoo.com\/#\/schema\/logo\/image\/"}}]},"product_brand":"Bonduelle","product_price_amount":"4.85","product_price_currency":"EUR","og_availability":"instock","product_availability":"instock","product_condition":"new"},"_links":{"self":[{"href":"https:\/\/iberoo.com\/fr\/wp-json\/wp\/v2\/product\/901","targetHints":{"allow":["GET"]}}],"collection":[{"href":"https:\/\/iberoo.com\/fr\/wp-json\/wp\/v2\/product"}],"about":[{"href":"https:\/\/iberoo.com\/fr\/wp-json\/wp\/v2\/types\/product"}],"replies":[{"embeddable":true,"href":"https:\/\/iberoo.com\/fr\/wp-json\/wp\/v2\/comments?post=901"}],"wp:featuredmedia":[{"embeddable":true,"href":"https:\/\/iberoo.com\/fr\/wp-json\/wp\/v2\/media\/930"}],"wp:attachment":[{"href":"https:\/\/iberoo.com\/fr\/wp-json\/wp\/v2\/media?parent=901"}],"wp:term":[{"taxonomy":"product_brand","embeddable":true,"href":"https:\/\/iberoo.com\/fr\/wp-json\/wp\/v2\/product_brand?post=901"},{"taxonomy":"product_cat","embeddable":true,"href":"https:\/\/iberoo.com\/fr\/wp-json\/wp\/v2\/product_cat?post=901"},{"taxonomy":"product_tag","embeddable":true,"href":"https:\/\/iberoo.com\/fr\/wp-json\/wp\/v2\/product_tag?post=901"}],"curies":[{"name":"wp","href":"https:\/\/api.w.org\/{rel}","templated":true}]}}