{"id":912,"date":"2025-11-14T23:56:44","date_gmt":"2025-11-14T22:56:44","guid":{"rendered":"https:\/\/iberoo.com\/?post_type=product&#038;p=912"},"modified":"2026-04-04T22:13:13","modified_gmt":"2026-04-04T20:13:13","slug":"biere-mahou-5-etoiles-canette-de-33-cl","status":"publish","type":"product","link":"https:\/\/iberoo.com\/fr\/produit\/biere-mahou-5-etoiles-canette-de-33-cl\/","title":{"rendered":"Bi\u00e8re Mahou 5 \u00e9toiles Canette de 33 cl"},"content":{"rendered":"<p>Savourez le go\u00fbt authentique de la bi\u00e8re Mahou 5 Estrellas dans son format pratique de canette de 33 cl. C'est le choix id\u00e9al pour ceux qui recherchent une bi\u00e8re \u00e9quilibr\u00e9e et rafra\u00eechissante, au caract\u00e8re inimitable d'une des marques les plus embl\u00e9matiques d'Espagne. Brass\u00e9e avec une s\u00e9lection rigoureuse de malts et de houblons, la Mahou 5 Estrellas se distingue par son ar\u00f4me doux, son amertume mod\u00e9r\u00e9e et sa texture l\u00e9g\u00e8re, ce qui la rend parfaite \u00e0 d\u00e9guster \u00e0 tout moment de la journ\u00e9e.<\/p>\n<p>Ce produit est disponible en canettes individuelles, id\u00e9al pour une premi\u00e8re d\u00e9gustation ou pour compl\u00e9ter un achat ponctuel. Vous pouvez \u00e9galement opter pour un pack de 12 ou de 28 canettes, la solution id\u00e9ale pour toujours avoir votre bi\u00e8re pr\u00e9f\u00e9r\u00e9e \u00e0 port\u00e9e de main, que ce soit pour un moment de d\u00e9tente \u00e0 la maison, entre amis ou pour pr\u00e9parer une occasion sp\u00e9ciale. Chaque pack est con\u00e7u pour pr\u00e9server au maximum la fra\u00eecheur du produit, garantissant ainsi une saveur intacte d\u00e8s la premi\u00e8re gorg\u00e9e.<\/p>\n<p>Gr\u00e2ce \u00e0 son format canette, la Mahou 5 Estrellas se rafra\u00eechit rapidement, se transporte facilement et est id\u00e9ale pour les r\u00e9unions de famille ou entre amis, les escapades ou tout simplement pour se faire plaisir chez soi. Sa polyvalence en fait un excellent compagnon pour une grande vari\u00e9t\u00e9 de repas, des en-cas les plus simples aux plats plus \u00e9labor\u00e9s.<\/p>\n<p>Avec Mahou 5 Estrellas, offrez \u00e0 votre table une bi\u00e8re renomm\u00e9e et \u00e9quilibr\u00e9e, au caract\u00e8re unique. Choisissez le format qui vous convient le mieux et savourez une exp\u00e9rience brassicole intemporelle.<\/p>","protected":false},"excerpt":{"rendered":"<p>Bi\u00e8re Mahou 5 \u00e9toiles en canettes de 33 cl. Disponible \u00e0 l'unit\u00e9, par packs de 12 ou de 28 canettes.<\/p>","protected":false},"featured_media":936,"comment_status":"closed","ping_status":"closed","template":"","meta":[],"product_brand":[99],"product_cat":[130],"product_tag":[],"class_list":{"0":"post-912","1":"product","2":"type-product","3":"status-publish","4":"has-post-thumbnail","6":"product_brand-mahou","7":"product_cat-cerveza","9":"first","10":"instock","11":"shipping-taxable","12":"purchasable","13":"product-type-variable"},"yoast_head":"<!-- This site is optimized with the Yoast SEO plugin v27.3 - https:\/\/yoast.com\/product\/yoast-seo-wordpress\/ -->\n<title>Cerveza Mahou 5 Estrellas Lata 33cl - Iberoo<\/title>\n<meta name=\"description\" content=\"Cerveza Mahou 5 estrellas en lata de 33cl. Se puede comprar por latas sueltas, en pack de 12 latas o en pack de 28 latas.\" \/>\n<meta name=\"robots\" content=\"index, follow, max-snippet:-1, max-image-preview:large, max-video-preview:-1\" \/>\n<link rel=\"canonical\" href=\"https:\/\/iberoo.com\/fr\/produit\/biere-mahou-5-etoiles-canette-de-33-cl\/\" \/>\n<meta property=\"og:locale\" content=\"fr_FR\" \/>\n<meta property=\"og:type\" content=\"article\" \/>\n<meta property=\"og:title\" content=\"Cerveza Mahou 5 Estrellas Lata 33cl - Iberoo\" \/>\n<meta property=\"og:description\" content=\"Cerveza Mahou 5 estrellas en lata de 33cl. Se puede comprar por latas sueltas, en pack de 12 latas o en pack de 28 latas.\" \/>\n<meta property=\"og:url\" content=\"https:\/\/iberoo.com\/fr\/produit\/biere-mahou-5-etoiles-canette-de-33-cl\/\" \/>\n<meta property=\"og:site_name\" content=\"Iberoo\" \/>\n<meta property=\"article:modified_time\" content=\"2026-04-04T20:13:13+00:00\" \/>\n<meta property=\"og:image\" content=\"https:\/\/iberoo.com\/wp-content\/uploads\/2025\/11\/cerveza-mahou-5-estrellas-bote-33cl-1.jpg\" \/>\n\t<meta property=\"og:image:width\" content=\"1200\" \/>\n\t<meta property=\"og:image:height\" content=\"1200\" \/>\n\t<meta property=\"og:image:type\" content=\"image\/jpeg\" \/>\n<meta name=\"twitter:card\" content=\"summary_large_image\" \/>\n<meta name=\"twitter:label1\" content=\"Disponibilit\u00e9\" \/>\n\t<meta name=\"twitter:data1\" content=\"En stock\" \/>\n<script type=\"application\/ld+json\" class=\"yoast-schema-graph\">{\"@context\":\"https:\\\/\\\/schema.org\",\"@graph\":[{\"@type\":\"WebPage\",\"@id\":\"https:\\\/\\\/iberoo.com\\\/producto\\\/cerveza-mahou-5-estrellas-lata-33cl\\\/\",\"url\":\"https:\\\/\\\/iberoo.com\\\/producto\\\/cerveza-mahou-5-estrellas-lata-33cl\\\/\",\"name\":\"Cerveza Mahou 5 Estrellas Lata 33cl - Iberoo\",\"isPartOf\":{\"@id\":\"https:\\\/\\\/iberoo.com\\\/#website\"},\"primaryImageOfPage\":{\"@id\":\"https:\\\/\\\/iberoo.com\\\/producto\\\/cerveza-mahou-5-estrellas-lata-33cl\\\/#primaryimage\"},\"image\":{\"@id\":\"https:\\\/\\\/iberoo.com\\\/producto\\\/cerveza-mahou-5-estrellas-lata-33cl\\\/#primaryimage\"},\"thumbnailUrl\":\"https:\\\/\\\/iberoo.com\\\/wp-content\\\/uploads\\\/2025\\\/11\\\/cerveza-mahou-5-estrellas-bote-33cl-1.jpg\",\"datePublished\":\"2025-11-14T22:56:44+00:00\",\"dateModified\":\"2026-04-04T20:13:13+00:00\",\"description\":\"Cerveza Mahou 5 estrellas en lata de 33cl. Se puede comprar por latas sueltas, en pack de 12 latas o en pack de 28 latas.\",\"breadcrumb\":{\"@id\":\"https:\\\/\\\/iberoo.com\\\/producto\\\/cerveza-mahou-5-estrellas-lata-33cl\\\/#breadcrumb\"},\"inLanguage\":\"fr-FR\",\"potentialAction\":[{\"@type\":\"ReadAction\",\"target\":[\"https:\\\/\\\/iberoo.com\\\/producto\\\/cerveza-mahou-5-estrellas-lata-33cl\\\/\"]}]},{\"@type\":\"ImageObject\",\"inLanguage\":\"fr-FR\",\"@id\":\"https:\\\/\\\/iberoo.com\\\/producto\\\/cerveza-mahou-5-estrellas-lata-33cl\\\/#primaryimage\",\"url\":\"https:\\\/\\\/iberoo.com\\\/wp-content\\\/uploads\\\/2025\\\/11\\\/cerveza-mahou-5-estrellas-bote-33cl-1.jpg\",\"contentUrl\":\"https:\\\/\\\/iberoo.com\\\/wp-content\\\/uploads\\\/2025\\\/11\\\/cerveza-mahou-5-estrellas-bote-33cl-1.jpg\",\"width\":1200,\"height\":1200,\"caption\":\"Cerveza Mahou 5 Estrellas Lata 33cl\"},{\"@type\":\"BreadcrumbList\",\"@id\":\"https:\\\/\\\/iberoo.com\\\/producto\\\/cerveza-mahou-5-estrellas-lata-33cl\\\/#breadcrumb\",\"itemListElement\":[{\"@type\":\"ListItem\",\"position\":1,\"name\":\"Portada\",\"item\":\"https:\\\/\\\/iberoo.com\\\/\"},{\"@type\":\"ListItem\",\"position\":2,\"name\":\"Tienda Online\",\"item\":\"https:\\\/\\\/iberoo.com\\\/tienda\\\/\"},{\"@type\":\"ListItem\",\"position\":3,\"name\":\"Cerveza Mahou 5 Estrellas Lata 33cl\"}]},{\"@type\":\"WebSite\",\"@id\":\"https:\\\/\\\/iberoo.com\\\/#website\",\"url\":\"https:\\\/\\\/iberoo.com\\\/\",\"name\":\"Iberoo\",\"description\":\"\",\"publisher\":{\"@id\":\"https:\\\/\\\/iberoo.com\\\/#organization\"},\"potentialAction\":[{\"@type\":\"SearchAction\",\"target\":{\"@type\":\"EntryPoint\",\"urlTemplate\":\"https:\\\/\\\/iberoo.com\\\/?s={search_term_string}\"},\"query-input\":{\"@type\":\"PropertyValueSpecification\",\"valueRequired\":true,\"valueName\":\"search_term_string\"}}],\"inLanguage\":\"fr-FR\"},{\"@type\":\"Organization\",\"@id\":\"https:\\\/\\\/iberoo.com\\\/#organization\",\"name\":\"Iberoo\",\"url\":\"https:\\\/\\\/iberoo.com\\\/\",\"logo\":{\"@type\":\"ImageObject\",\"inLanguage\":\"fr-FR\",\"@id\":\"https:\\\/\\\/iberoo.com\\\/#\\\/schema\\\/logo\\\/image\\\/\",\"url\":\"https:\\\/\\\/iberoo.com\\\/wp-content\\\/uploads\\\/2025\\\/11\\\/logo-cuadrado.jpg\",\"contentUrl\":\"https:\\\/\\\/iberoo.com\\\/wp-content\\\/uploads\\\/2025\\\/11\\\/logo-cuadrado.jpg\",\"width\":700,\"height\":700,\"caption\":\"Iberoo\"},\"image\":{\"@id\":\"https:\\\/\\\/iberoo.com\\\/#\\\/schema\\\/logo\\\/image\\\/\"}}]}<\/script>\n<meta property=\"product:brand\" content=\"Mahou\" \/>\n<meta property=\"og:availability\" content=\"instock\" \/>\n<meta property=\"product:availability\" content=\"instock\" \/>\n<meta property=\"product:condition\" content=\"new\" \/>\n<!-- \/ Yoast SEO plugin. -->","yoast_head_json":{"title":"Bi\u00e8re Mahou 5 \u00e9toiles Canette de 33 cl - Iberoo","description":"Bi\u00e8re Mahou 5 \u00e9toiles en canettes de 33 cl. Disponible \u00e0 l'unit\u00e9, par packs de 12 ou de 28 canettes.","robots":{"index":"index","follow":"follow","max-snippet":"max-snippet:-1","max-image-preview":"max-image-preview:large","max-video-preview":"max-video-preview:-1"},"canonical":"https:\/\/iberoo.com\/fr\/produit\/biere-mahou-5-etoiles-canette-de-33-cl\/","og_locale":"fr_FR","og_type":"article","og_title":"Cerveza Mahou 5 Estrellas Lata 33cl - Iberoo","og_description":"Cerveza Mahou 5 estrellas en lata de 33cl. Se puede comprar por latas sueltas, en pack de 12 latas o en pack de 28 latas.","og_url":"https:\/\/iberoo.com\/fr\/produit\/biere-mahou-5-etoiles-canette-de-33-cl\/","og_site_name":"Iberoo","article_modified_time":"2026-04-04T20:13:13+00:00","og_image":[{"width":1200,"height":1200,"url":"https:\/\/iberoo.com\/wp-content\/uploads\/2025\/11\/cerveza-mahou-5-estrellas-bote-33cl-1.jpg","type":"image\/jpeg"}],"twitter_card":"summary_large_image","twitter_misc":{"Disponibilit\u00e9":"En stock"},"schema":{"@context":"https:\/\/schema.org","@graph":[{"@type":"WebPage","@id":"https:\/\/iberoo.com\/producto\/cerveza-mahou-5-estrellas-lata-33cl\/","url":"https:\/\/iberoo.com\/producto\/cerveza-mahou-5-estrellas-lata-33cl\/","name":"Bi\u00e8re Mahou 5 \u00e9toiles Canette de 33 cl - Iberoo","isPartOf":{"@id":"https:\/\/iberoo.com\/#website"},"primaryImageOfPage":{"@id":"https:\/\/iberoo.com\/producto\/cerveza-mahou-5-estrellas-lata-33cl\/#primaryimage"},"image":{"@id":"https:\/\/iberoo.com\/producto\/cerveza-mahou-5-estrellas-lata-33cl\/#primaryimage"},"thumbnailUrl":"https:\/\/iberoo.com\/wp-content\/uploads\/2025\/11\/cerveza-mahou-5-estrellas-bote-33cl-1.jpg","datePublished":"2025-11-14T22:56:44+00:00","dateModified":"2026-04-04T20:13:13+00:00","description":"Bi\u00e8re Mahou 5 \u00e9toiles en canettes de 33 cl. Disponible \u00e0 l'unit\u00e9, par packs de 12 ou de 28 canettes.","breadcrumb":{"@id":"https:\/\/iberoo.com\/producto\/cerveza-mahou-5-estrellas-lata-33cl\/#breadcrumb"},"inLanguage":"fr-FR","potentialAction":[{"@type":"ReadAction","target":["https:\/\/iberoo.com\/producto\/cerveza-mahou-5-estrellas-lata-33cl\/"]}]},{"@type":"ImageObject","inLanguage":"fr-FR","@id":"https:\/\/iberoo.com\/producto\/cerveza-mahou-5-estrellas-lata-33cl\/#primaryimage","url":"https:\/\/iberoo.com\/wp-content\/uploads\/2025\/11\/cerveza-mahou-5-estrellas-bote-33cl-1.jpg","contentUrl":"https:\/\/iberoo.com\/wp-content\/uploads\/2025\/11\/cerveza-mahou-5-estrellas-bote-33cl-1.jpg","width":1200,"height":1200,"caption":"Cerveza Mahou 5 Estrellas Lata 33cl"},{"@type":"BreadcrumbList","@id":"https:\/\/iberoo.com\/producto\/cerveza-mahou-5-estrellas-lata-33cl\/#breadcrumb","itemListElement":[{"@type":"ListItem","position":1,"name":"Portada","item":"https:\/\/iberoo.com\/"},{"@type":"ListItem","position":2,"name":"Tienda Online","item":"https:\/\/iberoo.com\/tienda\/"},{"@type":"ListItem","position":3,"name":"Cerveza Mahou 5 Estrellas Lata 33cl"}]},{"@type":"WebSite","@id":"https:\/\/iberoo.com\/#website","url":"https:\/\/iberoo.com\/","name":"Iberoo","description":"","publisher":{"@id":"https:\/\/iberoo.com\/#organization"},"potentialAction":[{"@type":"SearchAction","target":{"@type":"EntryPoint","urlTemplate":"https:\/\/iberoo.com\/?s={search_term_string}"},"query-input":{"@type":"PropertyValueSpecification","valueRequired":true,"valueName":"search_term_string"}}],"inLanguage":"fr-FR"},{"@type":"Organization","@id":"https:\/\/iberoo.com\/#organization","name":"Iberoo","url":"https:\/\/iberoo.com\/","logo":{"@type":"ImageObject","inLanguage":"fr-FR","@id":"https:\/\/iberoo.com\/#\/schema\/logo\/image\/","url":"https:\/\/iberoo.com\/wp-content\/uploads\/2025\/11\/logo-cuadrado.jpg","contentUrl":"https:\/\/iberoo.com\/wp-content\/uploads\/2025\/11\/logo-cuadrado.jpg","width":700,"height":700,"caption":"Iberoo"},"image":{"@id":"https:\/\/iberoo.com\/#\/schema\/logo\/image\/"}}]},"product_brand":"Mahou","og_availability":"instock","product_availability":"instock","product_condition":"new"},"_links":{"self":[{"href":"https:\/\/iberoo.com\/fr\/wp-json\/wp\/v2\/product\/912","targetHints":{"allow":["GET"]}}],"collection":[{"href":"https:\/\/iberoo.com\/fr\/wp-json\/wp\/v2\/product"}],"about":[{"href":"https:\/\/iberoo.com\/fr\/wp-json\/wp\/v2\/types\/product"}],"replies":[{"embeddable":true,"href":"https:\/\/iberoo.com\/fr\/wp-json\/wp\/v2\/comments?post=912"}],"wp:featuredmedia":[{"embeddable":true,"href":"https:\/\/iberoo.com\/fr\/wp-json\/wp\/v2\/media\/936"}],"wp:attachment":[{"href":"https:\/\/iberoo.com\/fr\/wp-json\/wp\/v2\/media?parent=912"}],"wp:term":[{"taxonomy":"product_brand","embeddable":true,"href":"https:\/\/iberoo.com\/fr\/wp-json\/wp\/v2\/product_brand?post=912"},{"taxonomy":"product_cat","embeddable":true,"href":"https:\/\/iberoo.com\/fr\/wp-json\/wp\/v2\/product_cat?post=912"},{"taxonomy":"product_tag","embeddable":true,"href":"https:\/\/iberoo.com\/fr\/wp-json\/wp\/v2\/product_tag?post=912"}],"curies":[{"name":"wp","href":"https:\/\/api.w.org\/{rel}","templated":true}]}}