{"id":940,"date":"2025-11-14T23:57:06","date_gmt":"2025-11-14T22:57:06","guid":{"rendered":"https:\/\/iberoo.com\/?post_type=product&#038;p=940"},"modified":"2026-04-04T22:12:34","modified_gmt":"2026-04-04T20:12:34","slug":"biere-mahou-classique-bouteille-de-25-cl","status":"publish","type":"product","link":"https:\/\/iberoo.com\/fr\/produit\/biere-mahou-classique-bouteille-de-25-cl\/","title":{"rendered":"Bi\u00e8re Mahou Classique Bouteille de 25 cl"},"content":{"rendered":"<p>D\u00e9couvrez la bi\u00e8re Mahou Cl\u00e1sica dans son embl\u00e9matique bouteille en verre de 25 cl, le choix id\u00e9al pour savourer l'authentique go\u00fbt d'une bi\u00e8re espagnole de r\u00e9f\u00e9rence. Son conditionnement en verre pr\u00e9serve la fra\u00eecheur et le caract\u00e8re de la bi\u00e8re et offre une exp\u00e9rience plus traditionnelle et agr\u00e9able lorsqu'elle est servie bien fra\u00eeche. La Mahou Cl\u00e1sica se distingue par son \u00e9quilibre : une texture l\u00e9g\u00e8re, un ar\u00f4me doux et une amertume mod\u00e9r\u00e9e qui en font une bi\u00e8re polyvalente, parfaite pour accompagner un repas ou pour un moment de d\u00e9tente.<\/p>\n<p>Dans notre magasin, vous trouverez ce produit en packs de 6, 12 ou 24 bouteilles, afin de choisir la quantit\u00e9 qui vous convient le mieux. Le pack de 6 est id\u00e9al pour une utilisation occasionnelle ou pour une premi\u00e8re d\u00e9couverte\u00a0; le pack de 12 est parfait pour les r\u00e9unions entre amis ou les petites f\u00eates\u00a0; et le pack de 24 est la solution la plus pratique pour avoir toujours des bouteilles sous la main en cas d\u2019occasion sp\u00e9ciale.<\/p>\n<p>Chaque bouteille pr\u00e9serve l'essence m\u00eame de Mahou\u00a0: une recette \u00e9labor\u00e9e avec soin, \u00e0 partir d'ingr\u00e9dients s\u00e9lectionn\u00e9s, et un processus de production qui a fait de cette bi\u00e8re un classique incontest\u00e9. Si vous appr\u00e9ciez une boisson rafra\u00eechissante, \u00e9quilibr\u00e9e et traditionnelle, la Mahou Cl\u00e1sica en bouteille de 25\u00a0cl est un choix qui ne vous d\u00e9cevra jamais.<\/p>","protected":false},"excerpt":{"rendered":"<p>Bi\u00e8re Mahou 5 \u00e9toiles en bouteilles de 25 cl (\u00e9galement appel\u00e9es quarts de bouteille). Disponible en packs de 6, 12 ou 24 bouteilles.<\/p>","protected":false},"featured_media":969,"comment_status":"closed","ping_status":"closed","template":"","meta":[],"product_brand":[99],"product_cat":[130],"product_tag":[],"class_list":{"0":"post-940","1":"product","2":"type-product","3":"status-publish","4":"has-post-thumbnail","6":"product_brand-mahou","7":"product_cat-cerveza","9":"first","10":"outofstock","11":"shipping-taxable","12":"purchasable","13":"product-type-variable"},"yoast_head":"<!-- This site is optimized with the Yoast SEO plugin v27.3 - https:\/\/yoast.com\/product\/yoast-seo-wordpress\/ -->\n<title>Cerveza Mahou Cl\u00e1sica Botell\u00edn 25cl - Iberoo<\/title>\n<meta name=\"description\" content=\"Cerveza Mahou cl\u00e1sica en botell\u00edn de 25cl. Se puede comprar en pack de 6 botellines, pack de 12 botellines o en pack de 24 botellines.\" \/>\n<meta name=\"robots\" content=\"index, follow, max-snippet:-1, max-image-preview:large, max-video-preview:-1\" \/>\n<link rel=\"canonical\" href=\"https:\/\/iberoo.com\/fr\/produit\/biere-mahou-classique-bouteille-de-25-cl\/\" \/>\n<meta property=\"og:locale\" content=\"fr_FR\" \/>\n<meta property=\"og:type\" content=\"article\" \/>\n<meta property=\"og:title\" content=\"Cerveza Mahou Cl\u00e1sica Botell\u00edn 25cl - Iberoo\" \/>\n<meta property=\"og:description\" content=\"Cerveza Mahou cl\u00e1sica en botell\u00edn de 25cl. Se puede comprar en pack de 6 botellines, pack de 12 botellines o en pack de 24 botellines.\" \/>\n<meta property=\"og:url\" content=\"https:\/\/iberoo.com\/fr\/produit\/biere-mahou-classique-bouteille-de-25-cl\/\" \/>\n<meta property=\"og:site_name\" content=\"Iberoo\" \/>\n<meta property=\"article:modified_time\" content=\"2026-04-04T20:12:34+00:00\" \/>\n<meta property=\"og:image\" content=\"https:\/\/iberoo.com\/wp-content\/uploads\/2025\/11\/cerveza-mahou-botellin-20cl-pack-6-1.jpg\" \/>\n\t<meta property=\"og:image:width\" content=\"1500\" \/>\n\t<meta property=\"og:image:height\" content=\"1500\" \/>\n\t<meta property=\"og:image:type\" content=\"image\/jpeg\" \/>\n<meta name=\"twitter:card\" content=\"summary_large_image\" \/>\n<meta name=\"twitter:label1\" content=\"Disponibilit\u00e9\" \/>\n\t<meta name=\"twitter:data1\" content=\"Rupture de stock\" \/>\n<script type=\"application\/ld+json\" class=\"yoast-schema-graph\">{\"@context\":\"https:\\\/\\\/schema.org\",\"@graph\":[{\"@type\":\"WebPage\",\"@id\":\"https:\\\/\\\/iberoo.com\\\/producto\\\/cerveza-mahou-clasica-botellin-25cl\\\/\",\"url\":\"https:\\\/\\\/iberoo.com\\\/producto\\\/cerveza-mahou-clasica-botellin-25cl\\\/\",\"name\":\"Cerveza Mahou Cl\u00e1sica Botell\u00edn 25cl - Iberoo\",\"isPartOf\":{\"@id\":\"https:\\\/\\\/iberoo.com\\\/#website\"},\"primaryImageOfPage\":{\"@id\":\"https:\\\/\\\/iberoo.com\\\/producto\\\/cerveza-mahou-clasica-botellin-25cl\\\/#primaryimage\"},\"image\":{\"@id\":\"https:\\\/\\\/iberoo.com\\\/producto\\\/cerveza-mahou-clasica-botellin-25cl\\\/#primaryimage\"},\"thumbnailUrl\":\"https:\\\/\\\/iberoo.com\\\/wp-content\\\/uploads\\\/2025\\\/11\\\/cerveza-mahou-botellin-20cl-pack-6-1.jpg\",\"datePublished\":\"2025-11-14T22:57:06+00:00\",\"dateModified\":\"2026-04-04T20:12:34+00:00\",\"description\":\"Cerveza Mahou cl\u00e1sica en botell\u00edn de 25cl. Se puede comprar en pack de 6 botellines, pack de 12 botellines o en pack de 24 botellines.\",\"breadcrumb\":{\"@id\":\"https:\\\/\\\/iberoo.com\\\/producto\\\/cerveza-mahou-clasica-botellin-25cl\\\/#breadcrumb\"},\"inLanguage\":\"fr-FR\",\"potentialAction\":[{\"@type\":\"ReadAction\",\"target\":[\"https:\\\/\\\/iberoo.com\\\/producto\\\/cerveza-mahou-clasica-botellin-25cl\\\/\"]}]},{\"@type\":\"ImageObject\",\"inLanguage\":\"fr-FR\",\"@id\":\"https:\\\/\\\/iberoo.com\\\/producto\\\/cerveza-mahou-clasica-botellin-25cl\\\/#primaryimage\",\"url\":\"https:\\\/\\\/iberoo.com\\\/wp-content\\\/uploads\\\/2025\\\/11\\\/cerveza-mahou-botellin-20cl-pack-6-1.jpg\",\"contentUrl\":\"https:\\\/\\\/iberoo.com\\\/wp-content\\\/uploads\\\/2025\\\/11\\\/cerveza-mahou-botellin-20cl-pack-6-1.jpg\",\"width\":1500,\"height\":1500,\"caption\":\"Cerveza Mahou Cl\u00e1sica Botell\u00edn 25cl\"},{\"@type\":\"BreadcrumbList\",\"@id\":\"https:\\\/\\\/iberoo.com\\\/producto\\\/cerveza-mahou-clasica-botellin-25cl\\\/#breadcrumb\",\"itemListElement\":[{\"@type\":\"ListItem\",\"position\":1,\"name\":\"Portada\",\"item\":\"https:\\\/\\\/iberoo.com\\\/\"},{\"@type\":\"ListItem\",\"position\":2,\"name\":\"Tienda Online\",\"item\":\"https:\\\/\\\/iberoo.com\\\/tienda\\\/\"},{\"@type\":\"ListItem\",\"position\":3,\"name\":\"Cerveza Mahou Cl\u00e1sica Botell\u00edn 25cl\"}]},{\"@type\":\"WebSite\",\"@id\":\"https:\\\/\\\/iberoo.com\\\/#website\",\"url\":\"https:\\\/\\\/iberoo.com\\\/\",\"name\":\"Iberoo\",\"description\":\"\",\"publisher\":{\"@id\":\"https:\\\/\\\/iberoo.com\\\/#organization\"},\"potentialAction\":[{\"@type\":\"SearchAction\",\"target\":{\"@type\":\"EntryPoint\",\"urlTemplate\":\"https:\\\/\\\/iberoo.com\\\/?s={search_term_string}\"},\"query-input\":{\"@type\":\"PropertyValueSpecification\",\"valueRequired\":true,\"valueName\":\"search_term_string\"}}],\"inLanguage\":\"fr-FR\"},{\"@type\":\"Organization\",\"@id\":\"https:\\\/\\\/iberoo.com\\\/#organization\",\"name\":\"Iberoo\",\"url\":\"https:\\\/\\\/iberoo.com\\\/\",\"logo\":{\"@type\":\"ImageObject\",\"inLanguage\":\"fr-FR\",\"@id\":\"https:\\\/\\\/iberoo.com\\\/#\\\/schema\\\/logo\\\/image\\\/\",\"url\":\"https:\\\/\\\/iberoo.com\\\/wp-content\\\/uploads\\\/2025\\\/11\\\/logo-cuadrado.jpg\",\"contentUrl\":\"https:\\\/\\\/iberoo.com\\\/wp-content\\\/uploads\\\/2025\\\/11\\\/logo-cuadrado.jpg\",\"width\":700,\"height\":700,\"caption\":\"Iberoo\"},\"image\":{\"@id\":\"https:\\\/\\\/iberoo.com\\\/#\\\/schema\\\/logo\\\/image\\\/\"}}]}<\/script>\n<meta property=\"product:brand\" content=\"Mahou\" \/>\n<meta property=\"og:availability\" content=\"out of stock\" \/>\n<meta property=\"product:availability\" content=\"out of stock\" \/>\n<meta property=\"product:condition\" content=\"new\" \/>\n<!-- \/ Yoast SEO plugin. -->","yoast_head_json":{"title":"Bi\u00e8re Mahou Classique Bouteille de 25 cl - Iberoo","description":"Bi\u00e8re Mahou Cl\u00e1sica en bouteilles de 25 cl. Disponible en packs de 6, 12 ou 24 bouteilles.","robots":{"index":"index","follow":"follow","max-snippet":"max-snippet:-1","max-image-preview":"max-image-preview:large","max-video-preview":"max-video-preview:-1"},"canonical":"https:\/\/iberoo.com\/fr\/produit\/biere-mahou-classique-bouteille-de-25-cl\/","og_locale":"fr_FR","og_type":"article","og_title":"Cerveza Mahou Cl\u00e1sica Botell\u00edn 25cl - Iberoo","og_description":"Cerveza Mahou cl\u00e1sica en botell\u00edn de 25cl. Se puede comprar en pack de 6 botellines, pack de 12 botellines o en pack de 24 botellines.","og_url":"https:\/\/iberoo.com\/fr\/produit\/biere-mahou-classique-bouteille-de-25-cl\/","og_site_name":"Iberoo","article_modified_time":"2026-04-04T20:12:34+00:00","og_image":[{"width":1500,"height":1500,"url":"https:\/\/iberoo.com\/wp-content\/uploads\/2025\/11\/cerveza-mahou-botellin-20cl-pack-6-1.jpg","type":"image\/jpeg"}],"twitter_card":"summary_large_image","twitter_misc":{"Disponibilit\u00e9":"Rupture de stock"},"schema":{"@context":"https:\/\/schema.org","@graph":[{"@type":"WebPage","@id":"https:\/\/iberoo.com\/producto\/cerveza-mahou-clasica-botellin-25cl\/","url":"https:\/\/iberoo.com\/producto\/cerveza-mahou-clasica-botellin-25cl\/","name":"Bi\u00e8re Mahou Classique Bouteille de 25 cl - Iberoo","isPartOf":{"@id":"https:\/\/iberoo.com\/#website"},"primaryImageOfPage":{"@id":"https:\/\/iberoo.com\/producto\/cerveza-mahou-clasica-botellin-25cl\/#primaryimage"},"image":{"@id":"https:\/\/iberoo.com\/producto\/cerveza-mahou-clasica-botellin-25cl\/#primaryimage"},"thumbnailUrl":"https:\/\/iberoo.com\/wp-content\/uploads\/2025\/11\/cerveza-mahou-botellin-20cl-pack-6-1.jpg","datePublished":"2025-11-14T22:57:06+00:00","dateModified":"2026-04-04T20:12:34+00:00","description":"Bi\u00e8re Mahou Cl\u00e1sica en bouteilles de 25 cl. Disponible en packs de 6, 12 ou 24 bouteilles.","breadcrumb":{"@id":"https:\/\/iberoo.com\/producto\/cerveza-mahou-clasica-botellin-25cl\/#breadcrumb"},"inLanguage":"fr-FR","potentialAction":[{"@type":"ReadAction","target":["https:\/\/iberoo.com\/producto\/cerveza-mahou-clasica-botellin-25cl\/"]}]},{"@type":"ImageObject","inLanguage":"fr-FR","@id":"https:\/\/iberoo.com\/producto\/cerveza-mahou-clasica-botellin-25cl\/#primaryimage","url":"https:\/\/iberoo.com\/wp-content\/uploads\/2025\/11\/cerveza-mahou-botellin-20cl-pack-6-1.jpg","contentUrl":"https:\/\/iberoo.com\/wp-content\/uploads\/2025\/11\/cerveza-mahou-botellin-20cl-pack-6-1.jpg","width":1500,"height":1500,"caption":"Cerveza Mahou Cl\u00e1sica Botell\u00edn 25cl"},{"@type":"BreadcrumbList","@id":"https:\/\/iberoo.com\/producto\/cerveza-mahou-clasica-botellin-25cl\/#breadcrumb","itemListElement":[{"@type":"ListItem","position":1,"name":"Portada","item":"https:\/\/iberoo.com\/"},{"@type":"ListItem","position":2,"name":"Tienda Online","item":"https:\/\/iberoo.com\/tienda\/"},{"@type":"ListItem","position":3,"name":"Cerveza Mahou Cl\u00e1sica Botell\u00edn 25cl"}]},{"@type":"WebSite","@id":"https:\/\/iberoo.com\/#website","url":"https:\/\/iberoo.com\/","name":"Iberoo","description":"","publisher":{"@id":"https:\/\/iberoo.com\/#organization"},"potentialAction":[{"@type":"SearchAction","target":{"@type":"EntryPoint","urlTemplate":"https:\/\/iberoo.com\/?s={search_term_string}"},"query-input":{"@type":"PropertyValueSpecification","valueRequired":true,"valueName":"search_term_string"}}],"inLanguage":"fr-FR"},{"@type":"Organization","@id":"https:\/\/iberoo.com\/#organization","name":"Iberoo","url":"https:\/\/iberoo.com\/","logo":{"@type":"ImageObject","inLanguage":"fr-FR","@id":"https:\/\/iberoo.com\/#\/schema\/logo\/image\/","url":"https:\/\/iberoo.com\/wp-content\/uploads\/2025\/11\/logo-cuadrado.jpg","contentUrl":"https:\/\/iberoo.com\/wp-content\/uploads\/2025\/11\/logo-cuadrado.jpg","width":700,"height":700,"caption":"Iberoo"},"image":{"@id":"https:\/\/iberoo.com\/#\/schema\/logo\/image\/"}}]},"product_brand":"Mahou","og_availability":"out of stock","product_availability":"out of stock","product_condition":"new"},"_links":{"self":[{"href":"https:\/\/iberoo.com\/fr\/wp-json\/wp\/v2\/product\/940","targetHints":{"allow":["GET"]}}],"collection":[{"href":"https:\/\/iberoo.com\/fr\/wp-json\/wp\/v2\/product"}],"about":[{"href":"https:\/\/iberoo.com\/fr\/wp-json\/wp\/v2\/types\/product"}],"replies":[{"embeddable":true,"href":"https:\/\/iberoo.com\/fr\/wp-json\/wp\/v2\/comments?post=940"}],"wp:featuredmedia":[{"embeddable":true,"href":"https:\/\/iberoo.com\/fr\/wp-json\/wp\/v2\/media\/969"}],"wp:attachment":[{"href":"https:\/\/iberoo.com\/fr\/wp-json\/wp\/v2\/media?parent=940"}],"wp:term":[{"taxonomy":"product_brand","embeddable":true,"href":"https:\/\/iberoo.com\/fr\/wp-json\/wp\/v2\/product_brand?post=940"},{"taxonomy":"product_cat","embeddable":true,"href":"https:\/\/iberoo.com\/fr\/wp-json\/wp\/v2\/product_cat?post=940"},{"taxonomy":"product_tag","embeddable":true,"href":"https:\/\/iberoo.com\/fr\/wp-json\/wp\/v2\/product_tag?post=940"}],"curies":[{"name":"wp","href":"https:\/\/api.w.org\/{rel}","templated":true}]}}