{"id":944,"date":"2025-11-14T23:57:06","date_gmt":"2025-11-14T22:57:06","guid":{"rendered":"https:\/\/iberoo.com\/?post_type=product&#038;p=944"},"modified":"2026-04-04T22:12:43","modified_gmt":"2026-04-04T20:12:43","slug":"biere-mahou-5-etoiles-bouteille-de-25-cl","status":"publish","type":"product","link":"https:\/\/iberoo.com\/fr\/produit\/biere-mahou-5-etoiles-bouteille-de-25-cl\/","title":{"rendered":"Cerveza Mahou 5 Estrellas Botell\u00edn 25cl"},"content":{"rendered":"<p>La bi\u00e8re Mahou 5 Estrellas en bouteille de verre de 25 cl est id\u00e9ale pour ceux qui recherchent une bi\u00e8re de caract\u00e8re dans un format pratique et facile \u00e0 transporter. La Mahou 5 Estrellas se distingue par son \u00e9quilibre parfait entre ar\u00f4me, saveur et texture, offrant une exp\u00e9rience gustative unique d\u00e8s la premi\u00e8re gorg\u00e9e. Son brassage, bas\u00e9 sur une s\u00e9lection rigoureuse de malts et de houblons, lui conf\u00e8re des notes l\u00e9g\u00e8rement toast\u00e9es, une amertume mod\u00e9r\u00e9e et un ar\u00f4me pur qui invite \u00e0 la d\u00e9gustation.<\/p>\n<p>Dans notre boutique, vous avez le choix entre des packs de 6, 12 ou 24 bouteilles, con\u00e7us pour r\u00e9pondre \u00e0 tous vos besoins. Le pack de 6 est id\u00e9al pour ceux qui souhaitent une petite quantit\u00e9 pour des r\u00e9unions entre amis ou pour offrir \u00e0 un amateur de bi\u00e8re. Le pack de 12 offre un format interm\u00e9diaire pratique, parfait pour la maison sans prendre trop de place. Et si vous pr\u00e9f\u00e9rez une plus grande r\u00e9serve pour des \u00e9v\u00e9nements, des repas de famille ou tout simplement pour ne jamais \u00eatre \u00e0 court de votre bi\u00e8re pr\u00e9f\u00e9r\u00e9e, le pack de 24 est la meilleure option.<\/p>\n<p>La bouteille de 25 cl pr\u00e9sente l'avantage de pr\u00e9server la bi\u00e8re \u00e0 son apog\u00e9e\u00a0: elle se rafra\u00eechit rapidement, conserve son effervescence naturelle tout au long de la d\u00e9gustation et permet de la savourer toujours fra\u00eeche. Son contenant en verre prot\u00e8ge \u00e9galement mieux la saveur originale et offre cette sensation classique que de nombreux consommateurs associent \u00e0 une authentique d\u00e9gustation de bi\u00e8re.<\/p>\n<p>Le Mahou 5 Estrellas, dans ce format, est id\u00e9al pour accompagner ap\u00e9ritifs, tapas, grillades ou tout simplement pour une pause gourmande. Un produit polyvalent, d'une qualit\u00e9 toujours irr\u00e9prochable, et dont le format s'adapte \u00e0 toutes les occasions.<\/p>","protected":false},"excerpt":{"rendered":"<p>Bi\u00e8re Mahou 5 \u00e9toiles en bouteilles de 25 cl (\u00e9galement appel\u00e9es quarts de bouteille). Disponible en packs de 6, 12 ou 24 bouteilles.<\/p>","protected":false},"featured_media":972,"comment_status":"closed","ping_status":"closed","template":"","meta":[],"product_brand":[99],"product_cat":[130],"product_tag":[],"class_list":{"0":"post-944","1":"product","2":"type-product","3":"status-publish","4":"has-post-thumbnail","6":"product_brand-mahou","7":"product_cat-cerveza","9":"first","10":"outofstock","11":"shipping-taxable","12":"purchasable","13":"product-type-variable"},"yoast_head":"<!-- This site is optimized with the Yoast SEO plugin v27.3 - https:\/\/yoast.com\/product\/yoast-seo-wordpress\/ -->\n<title>Cerveza Mahou 5 Estrellas Botell\u00edn 25cl - Iberoo<\/title>\n<meta name=\"description\" content=\"Cerveza Mahou 5 estrellas en botell\u00edn de 25cl. Se puede comprar en pack de 6 botellines, pack de 12 botellines o en pack de 24 botellines.\" \/>\n<meta name=\"robots\" content=\"index, follow, max-snippet:-1, max-image-preview:large, max-video-preview:-1\" \/>\n<link rel=\"canonical\" href=\"https:\/\/iberoo.com\/fr\/produit\/biere-mahou-5-etoiles-bouteille-de-25-cl\/\" \/>\n<meta property=\"og:locale\" content=\"fr_FR\" \/>\n<meta property=\"og:type\" content=\"article\" \/>\n<meta property=\"og:title\" content=\"Cerveza Mahou 5 Estrellas Botell\u00edn 25cl - Iberoo\" \/>\n<meta property=\"og:description\" content=\"Cerveza Mahou 5 estrellas en botell\u00edn de 25cl. Se puede comprar en pack de 6 botellines, pack de 12 botellines o en pack de 24 botellines.\" \/>\n<meta property=\"og:url\" content=\"https:\/\/iberoo.com\/fr\/produit\/biere-mahou-5-etoiles-bouteille-de-25-cl\/\" \/>\n<meta property=\"og:site_name\" content=\"Iberoo\" \/>\n<meta property=\"article:modified_time\" content=\"2026-04-04T20:12:43+00:00\" \/>\n<meta property=\"og:image\" content=\"https:\/\/iberoo.com\/wp-content\/uploads\/2025\/11\/cerveza-mahou-5-estrellas-botellin-20cl-pack-6-1.webp\" \/>\n\t<meta property=\"og:image:width\" content=\"1500\" \/>\n\t<meta property=\"og:image:height\" content=\"1500\" \/>\n\t<meta property=\"og:image:type\" content=\"image\/webp\" \/>\n<meta name=\"twitter:card\" content=\"summary_large_image\" \/>\n<meta name=\"twitter:label1\" content=\"Disponibilit\u00e9\" \/>\n\t<meta name=\"twitter:data1\" content=\"Rupture de stock\" \/>\n<script type=\"application\/ld+json\" class=\"yoast-schema-graph\">{\"@context\":\"https:\\\/\\\/schema.org\",\"@graph\":[{\"@type\":\"WebPage\",\"@id\":\"https:\\\/\\\/iberoo.com\\\/producto\\\/cerveza-mahou-5-estrellas-botellin-25cl\\\/\",\"url\":\"https:\\\/\\\/iberoo.com\\\/producto\\\/cerveza-mahou-5-estrellas-botellin-25cl\\\/\",\"name\":\"Cerveza Mahou 5 Estrellas Botell\u00edn 25cl - Iberoo\",\"isPartOf\":{\"@id\":\"https:\\\/\\\/iberoo.com\\\/#website\"},\"primaryImageOfPage\":{\"@id\":\"https:\\\/\\\/iberoo.com\\\/producto\\\/cerveza-mahou-5-estrellas-botellin-25cl\\\/#primaryimage\"},\"image\":{\"@id\":\"https:\\\/\\\/iberoo.com\\\/producto\\\/cerveza-mahou-5-estrellas-botellin-25cl\\\/#primaryimage\"},\"thumbnailUrl\":\"https:\\\/\\\/iberoo.com\\\/wp-content\\\/uploads\\\/2025\\\/11\\\/cerveza-mahou-5-estrellas-botellin-20cl-pack-6-1.webp\",\"datePublished\":\"2025-11-14T22:57:06+00:00\",\"dateModified\":\"2026-04-04T20:12:43+00:00\",\"description\":\"Cerveza Mahou 5 estrellas en botell\u00edn de 25cl. Se puede comprar en pack de 6 botellines, pack de 12 botellines o en pack de 24 botellines.\",\"breadcrumb\":{\"@id\":\"https:\\\/\\\/iberoo.com\\\/producto\\\/cerveza-mahou-5-estrellas-botellin-25cl\\\/#breadcrumb\"},\"inLanguage\":\"fr-FR\",\"potentialAction\":[{\"@type\":\"ReadAction\",\"target\":[\"https:\\\/\\\/iberoo.com\\\/producto\\\/cerveza-mahou-5-estrellas-botellin-25cl\\\/\"]}]},{\"@type\":\"ImageObject\",\"inLanguage\":\"fr-FR\",\"@id\":\"https:\\\/\\\/iberoo.com\\\/producto\\\/cerveza-mahou-5-estrellas-botellin-25cl\\\/#primaryimage\",\"url\":\"https:\\\/\\\/iberoo.com\\\/wp-content\\\/uploads\\\/2025\\\/11\\\/cerveza-mahou-5-estrellas-botellin-20cl-pack-6-1.webp\",\"contentUrl\":\"https:\\\/\\\/iberoo.com\\\/wp-content\\\/uploads\\\/2025\\\/11\\\/cerveza-mahou-5-estrellas-botellin-20cl-pack-6-1.webp\",\"width\":1500,\"height\":1500,\"caption\":\"Cerveza Mahou 5 Estrellas Botell\u00edn 25cl\"},{\"@type\":\"BreadcrumbList\",\"@id\":\"https:\\\/\\\/iberoo.com\\\/producto\\\/cerveza-mahou-5-estrellas-botellin-25cl\\\/#breadcrumb\",\"itemListElement\":[{\"@type\":\"ListItem\",\"position\":1,\"name\":\"Portada\",\"item\":\"https:\\\/\\\/iberoo.com\\\/\"},{\"@type\":\"ListItem\",\"position\":2,\"name\":\"Tienda Online\",\"item\":\"https:\\\/\\\/iberoo.com\\\/tienda\\\/\"},{\"@type\":\"ListItem\",\"position\":3,\"name\":\"Cerveza Mahou 5 Estrellas Botell\u00edn 25cl\"}]},{\"@type\":\"WebSite\",\"@id\":\"https:\\\/\\\/iberoo.com\\\/#website\",\"url\":\"https:\\\/\\\/iberoo.com\\\/\",\"name\":\"Iberoo\",\"description\":\"\",\"publisher\":{\"@id\":\"https:\\\/\\\/iberoo.com\\\/#organization\"},\"potentialAction\":[{\"@type\":\"SearchAction\",\"target\":{\"@type\":\"EntryPoint\",\"urlTemplate\":\"https:\\\/\\\/iberoo.com\\\/?s={search_term_string}\"},\"query-input\":{\"@type\":\"PropertyValueSpecification\",\"valueRequired\":true,\"valueName\":\"search_term_string\"}}],\"inLanguage\":\"fr-FR\"},{\"@type\":\"Organization\",\"@id\":\"https:\\\/\\\/iberoo.com\\\/#organization\",\"name\":\"Iberoo\",\"url\":\"https:\\\/\\\/iberoo.com\\\/\",\"logo\":{\"@type\":\"ImageObject\",\"inLanguage\":\"fr-FR\",\"@id\":\"https:\\\/\\\/iberoo.com\\\/#\\\/schema\\\/logo\\\/image\\\/\",\"url\":\"https:\\\/\\\/iberoo.com\\\/wp-content\\\/uploads\\\/2025\\\/11\\\/logo-cuadrado.jpg\",\"contentUrl\":\"https:\\\/\\\/iberoo.com\\\/wp-content\\\/uploads\\\/2025\\\/11\\\/logo-cuadrado.jpg\",\"width\":700,\"height\":700,\"caption\":\"Iberoo\"},\"image\":{\"@id\":\"https:\\\/\\\/iberoo.com\\\/#\\\/schema\\\/logo\\\/image\\\/\"}}]}<\/script>\n<meta property=\"product:brand\" content=\"Mahou\" \/>\n<meta property=\"og:availability\" content=\"out of stock\" \/>\n<meta property=\"product:availability\" content=\"out of stock\" \/>\n<meta property=\"product:condition\" content=\"new\" \/>\n<!-- \/ Yoast SEO plugin. -->","yoast_head_json":{"title":"Bi\u00e8re Mahou 5 \u00e9toiles Bouteille de 25 cl - Iberoo","description":"Bi\u00e8re Mahou 5 \u00e9toiles en bouteilles de 25 cl. Disponible en packs de 6, 12 ou 24 bouteilles.","robots":{"index":"index","follow":"follow","max-snippet":"max-snippet:-1","max-image-preview":"max-image-preview:large","max-video-preview":"max-video-preview:-1"},"canonical":"https:\/\/iberoo.com\/fr\/produit\/biere-mahou-5-etoiles-bouteille-de-25-cl\/","og_locale":"fr_FR","og_type":"article","og_title":"Cerveza Mahou 5 Estrellas Botell\u00edn 25cl - Iberoo","og_description":"Cerveza Mahou 5 estrellas en botell\u00edn de 25cl. Se puede comprar en pack de 6 botellines, pack de 12 botellines o en pack de 24 botellines.","og_url":"https:\/\/iberoo.com\/fr\/produit\/biere-mahou-5-etoiles-bouteille-de-25-cl\/","og_site_name":"Iberoo","article_modified_time":"2026-04-04T20:12:43+00:00","og_image":[{"width":1500,"height":1500,"url":"https:\/\/iberoo.com\/wp-content\/uploads\/2025\/11\/cerveza-mahou-5-estrellas-botellin-20cl-pack-6-1.webp","type":"image\/webp"}],"twitter_card":"summary_large_image","twitter_misc":{"Disponibilit\u00e9":"Rupture de stock"},"schema":{"@context":"https:\/\/schema.org","@graph":[{"@type":"WebPage","@id":"https:\/\/iberoo.com\/producto\/cerveza-mahou-5-estrellas-botellin-25cl\/","url":"https:\/\/iberoo.com\/producto\/cerveza-mahou-5-estrellas-botellin-25cl\/","name":"Bi\u00e8re Mahou 5 \u00e9toiles Bouteille de 25 cl - Iberoo","isPartOf":{"@id":"https:\/\/iberoo.com\/#website"},"primaryImageOfPage":{"@id":"https:\/\/iberoo.com\/producto\/cerveza-mahou-5-estrellas-botellin-25cl\/#primaryimage"},"image":{"@id":"https:\/\/iberoo.com\/producto\/cerveza-mahou-5-estrellas-botellin-25cl\/#primaryimage"},"thumbnailUrl":"https:\/\/iberoo.com\/wp-content\/uploads\/2025\/11\/cerveza-mahou-5-estrellas-botellin-20cl-pack-6-1.webp","datePublished":"2025-11-14T22:57:06+00:00","dateModified":"2026-04-04T20:12:43+00:00","description":"Bi\u00e8re Mahou 5 \u00e9toiles en bouteilles de 25 cl. Disponible en packs de 6, 12 ou 24 bouteilles.","breadcrumb":{"@id":"https:\/\/iberoo.com\/producto\/cerveza-mahou-5-estrellas-botellin-25cl\/#breadcrumb"},"inLanguage":"fr-FR","potentialAction":[{"@type":"ReadAction","target":["https:\/\/iberoo.com\/producto\/cerveza-mahou-5-estrellas-botellin-25cl\/"]}]},{"@type":"ImageObject","inLanguage":"fr-FR","@id":"https:\/\/iberoo.com\/producto\/cerveza-mahou-5-estrellas-botellin-25cl\/#primaryimage","url":"https:\/\/iberoo.com\/wp-content\/uploads\/2025\/11\/cerveza-mahou-5-estrellas-botellin-20cl-pack-6-1.webp","contentUrl":"https:\/\/iberoo.com\/wp-content\/uploads\/2025\/11\/cerveza-mahou-5-estrellas-botellin-20cl-pack-6-1.webp","width":1500,"height":1500,"caption":"Cerveza Mahou 5 Estrellas Botell\u00edn 25cl"},{"@type":"BreadcrumbList","@id":"https:\/\/iberoo.com\/producto\/cerveza-mahou-5-estrellas-botellin-25cl\/#breadcrumb","itemListElement":[{"@type":"ListItem","position":1,"name":"Portada","item":"https:\/\/iberoo.com\/"},{"@type":"ListItem","position":2,"name":"Tienda Online","item":"https:\/\/iberoo.com\/tienda\/"},{"@type":"ListItem","position":3,"name":"Cerveza Mahou 5 Estrellas Botell\u00edn 25cl"}]},{"@type":"WebSite","@id":"https:\/\/iberoo.com\/#website","url":"https:\/\/iberoo.com\/","name":"Iberoo","description":"","publisher":{"@id":"https:\/\/iberoo.com\/#organization"},"potentialAction":[{"@type":"SearchAction","target":{"@type":"EntryPoint","urlTemplate":"https:\/\/iberoo.com\/?s={search_term_string}"},"query-input":{"@type":"PropertyValueSpecification","valueRequired":true,"valueName":"search_term_string"}}],"inLanguage":"fr-FR"},{"@type":"Organization","@id":"https:\/\/iberoo.com\/#organization","name":"Iberoo","url":"https:\/\/iberoo.com\/","logo":{"@type":"ImageObject","inLanguage":"fr-FR","@id":"https:\/\/iberoo.com\/#\/schema\/logo\/image\/","url":"https:\/\/iberoo.com\/wp-content\/uploads\/2025\/11\/logo-cuadrado.jpg","contentUrl":"https:\/\/iberoo.com\/wp-content\/uploads\/2025\/11\/logo-cuadrado.jpg","width":700,"height":700,"caption":"Iberoo"},"image":{"@id":"https:\/\/iberoo.com\/#\/schema\/logo\/image\/"}}]},"product_brand":"Mahou","og_availability":"out of stock","product_availability":"out of stock","product_condition":"new"},"_links":{"self":[{"href":"https:\/\/iberoo.com\/fr\/wp-json\/wp\/v2\/product\/944","targetHints":{"allow":["GET"]}}],"collection":[{"href":"https:\/\/iberoo.com\/fr\/wp-json\/wp\/v2\/product"}],"about":[{"href":"https:\/\/iberoo.com\/fr\/wp-json\/wp\/v2\/types\/product"}],"replies":[{"embeddable":true,"href":"https:\/\/iberoo.com\/fr\/wp-json\/wp\/v2\/comments?post=944"}],"wp:featuredmedia":[{"embeddable":true,"href":"https:\/\/iberoo.com\/fr\/wp-json\/wp\/v2\/media\/972"}],"wp:attachment":[{"href":"https:\/\/iberoo.com\/fr\/wp-json\/wp\/v2\/media?parent=944"}],"wp:term":[{"taxonomy":"product_brand","embeddable":true,"href":"https:\/\/iberoo.com\/fr\/wp-json\/wp\/v2\/product_brand?post=944"},{"taxonomy":"product_cat","embeddable":true,"href":"https:\/\/iberoo.com\/fr\/wp-json\/wp\/v2\/product_cat?post=944"},{"taxonomy":"product_tag","embeddable":true,"href":"https:\/\/iberoo.com\/fr\/wp-json\/wp\/v2\/product_tag?post=944"}],"curies":[{"name":"wp","href":"https:\/\/api.w.org\/{rel}","templated":true}]}}