{"id":948,"date":"2025-11-14T23:57:06","date_gmt":"2025-11-14T22:57:06","guid":{"rendered":"https:\/\/iberoo.com\/?post_type=product&#038;p=948"},"modified":"2026-04-04T22:12:52","modified_gmt":"2026-04-04T20:12:52","slug":"biere-mahou-classique-bouteille-de-1-l","status":"publish","type":"product","link":"https:\/\/iberoo.com\/fr\/produit\/biere-mahou-classique-bouteille-de-1-l\/","title":{"rendered":"Bi\u00e8re Mahou Classique Bouteille de 1 L"},"content":{"rendered":"<p>La bi\u00e8re Mahou Cl\u00e1sica en bouteille de verre d'un litre est id\u00e9ale pour ceux qui appr\u00e9cient un format g\u00e9n\u00e9reux et pratique, parfait \u00e0 partager ou pour accompagner un repas sans avoir \u00e0 ouvrir plusieurs petites bouteilles. Ce contenant en verre pr\u00e9serve parfaitement le caract\u00e8re traditionnel de la Mahou, respectant son profil aromatique et conservant sa fra\u00eecheur jusqu'\u00e0 la derni\u00e8re gorg\u00e9e.<\/p>\n<p>La Mahou Cl\u00e1sica est r\u00e9put\u00e9e pour son go\u00fbt \u00e9quilibr\u00e9, doux et accessible. Sa base de malts l\u00e9gers lui conf\u00e8re une subtile note toast\u00e9e, tandis que les houblons s\u00e9lectionn\u00e9s pour son brassage lui apportent une amertume mod\u00e9r\u00e9e, agr\u00e9able m\u00eame pour les amateurs de bi\u00e8res plus douces. Il en r\u00e9sulte une bi\u00e8re rafra\u00eechissante et cors\u00e9e, id\u00e9ale pour accompagner aussi bien des tapas d\u00e9contract\u00e9es que des plats plus consistants.<\/p>\n<p>Le format d'un litre est particuli\u00e8rement appr\u00e9ci\u00e9 lors des r\u00e9unions de famille, des barbecues, des repas du week-end ou lorsque vous souhaitez servir plusieurs tourn\u00e9es sans avoir \u00e0 ouvrir de nouvelles bouteilles. Son design en verre contribue non seulement \u00e0 pr\u00e9server les qualit\u00e9s de la bi\u00e8re, mais offre \u00e9galement une pr\u00e9sentation classique et \u00e9l\u00e9gante, id\u00e9ale pour \u00eatre pos\u00e9e directement sur la table.<\/p>\n<p>De plus, la grande bouteille constitue une alternative pratique et \u00e9conomique pour ceux qui consomment r\u00e9guli\u00e8rement de la bi\u00e8re et pr\u00e9f\u00e8rent un emballage plus durable et facilement recyclable.<\/p>\n<p>Si vous recherchez une bi\u00e8re fiable au go\u00fbt authentique et dans un format polyvalent con\u00e7u pour \u00eatre partag\u00e9, la Mahou Cl\u00e1sica d'un litre est un choix qui convient \u00e0 toutes les occasions.<\/p>","protected":false},"excerpt":{"rendered":"<p>La bi\u00e8re Mahou Cl\u00e1sica, la traditionnelle, conditionn\u00e9e dans une bouteille en verre d'un litre pour pr\u00e9server toute sa qualit\u00e9 et sa saveur.<\/p>","protected":false},"featured_media":975,"comment_status":"closed","ping_status":"closed","template":"","meta":[],"product_brand":[99],"product_cat":[130],"product_tag":[],"class_list":{"0":"post-948","1":"product","2":"type-product","3":"status-publish","4":"has-post-thumbnail","6":"product_brand-mahou","7":"product_cat-cerveza","9":"first","10":"outofstock","11":"shipping-taxable","12":"purchasable","13":"product-type-simple"},"yoast_head":"<!-- This site is optimized with the Yoast SEO plugin v27.3 - https:\/\/yoast.com\/product\/yoast-seo-wordpress\/ -->\n<title>Cerveza Mahou Cl\u00e1sica Botella 1l - Iberoo<\/title>\n<meta name=\"description\" content=\"Cerveza Mahou Cl\u00e1sica, la tradicional de toda la vida, envasada en botella de cristal de un litro para conservar toda su calidad y sabor.\" \/>\n<meta name=\"robots\" content=\"index, follow, max-snippet:-1, max-image-preview:large, max-video-preview:-1\" \/>\n<link rel=\"canonical\" href=\"https:\/\/iberoo.com\/fr\/produit\/biere-mahou-classique-bouteille-de-1-l\/\" \/>\n<meta property=\"og:locale\" content=\"fr_FR\" \/>\n<meta property=\"og:type\" content=\"article\" \/>\n<meta property=\"og:title\" content=\"Cerveza Mahou Cl\u00e1sica Botella 1l - Iberoo\" \/>\n<meta property=\"og:description\" content=\"Cerveza Mahou Cl\u00e1sica, la tradicional de toda la vida, envasada en botella de cristal de un litro para conservar toda su calidad y sabor.\" \/>\n<meta property=\"og:url\" content=\"https:\/\/iberoo.com\/fr\/produit\/biere-mahou-classique-bouteille-de-1-l\/\" \/>\n<meta property=\"og:site_name\" content=\"Iberoo\" \/>\n<meta property=\"article:modified_time\" content=\"2026-04-04T20:12:52+00:00\" \/>\n<meta property=\"og:image\" content=\"https:\/\/iberoo.com\/wp-content\/uploads\/2025\/11\/cerveza-mahou-botella-1l-1.webp\" \/>\n\t<meta property=\"og:image:width\" content=\"1500\" \/>\n\t<meta property=\"og:image:height\" content=\"1500\" \/>\n\t<meta property=\"og:image:type\" content=\"image\/webp\" \/>\n<meta name=\"twitter:card\" content=\"summary_large_image\" \/>\n<meta name=\"twitter:label1\" content=\"Prix\" \/>\n\t<meta name=\"twitter:data1\" content=\"3,65&nbsp;&euro;\" \/>\n\t<meta name=\"twitter:label2\" content=\"Disponibilit\u00e9\" \/>\n\t<meta name=\"twitter:data2\" content=\"Rupture de stock\" \/>\n<script type=\"application\/ld+json\" class=\"yoast-schema-graph\">{\"@context\":\"https:\\\/\\\/schema.org\",\"@graph\":[{\"@type\":\"WebPage\",\"@id\":\"https:\\\/\\\/iberoo.com\\\/producto\\\/cerveza-mahou-clasica-botella-1l\\\/\",\"url\":\"https:\\\/\\\/iberoo.com\\\/producto\\\/cerveza-mahou-clasica-botella-1l\\\/\",\"name\":\"Cerveza Mahou Cl\u00e1sica Botella 1l - Iberoo\",\"isPartOf\":{\"@id\":\"https:\\\/\\\/iberoo.com\\\/#website\"},\"primaryImageOfPage\":{\"@id\":\"https:\\\/\\\/iberoo.com\\\/producto\\\/cerveza-mahou-clasica-botella-1l\\\/#primaryimage\"},\"image\":{\"@id\":\"https:\\\/\\\/iberoo.com\\\/producto\\\/cerveza-mahou-clasica-botella-1l\\\/#primaryimage\"},\"thumbnailUrl\":\"https:\\\/\\\/iberoo.com\\\/wp-content\\\/uploads\\\/2025\\\/11\\\/cerveza-mahou-botella-1l-1.webp\",\"datePublished\":\"2025-11-14T22:57:06+00:00\",\"dateModified\":\"2026-04-04T20:12:52+00:00\",\"description\":\"Cerveza Mahou Cl\u00e1sica, la tradicional de toda la vida, envasada en botella de cristal de un litro para conservar toda su calidad y sabor.\",\"breadcrumb\":{\"@id\":\"https:\\\/\\\/iberoo.com\\\/producto\\\/cerveza-mahou-clasica-botella-1l\\\/#breadcrumb\"},\"inLanguage\":\"fr-FR\",\"potentialAction\":[{\"@type\":\"ReadAction\",\"target\":[\"https:\\\/\\\/iberoo.com\\\/producto\\\/cerveza-mahou-clasica-botella-1l\\\/\"]}]},{\"@type\":\"ImageObject\",\"inLanguage\":\"fr-FR\",\"@id\":\"https:\\\/\\\/iberoo.com\\\/producto\\\/cerveza-mahou-clasica-botella-1l\\\/#primaryimage\",\"url\":\"https:\\\/\\\/iberoo.com\\\/wp-content\\\/uploads\\\/2025\\\/11\\\/cerveza-mahou-botella-1l-1.webp\",\"contentUrl\":\"https:\\\/\\\/iberoo.com\\\/wp-content\\\/uploads\\\/2025\\\/11\\\/cerveza-mahou-botella-1l-1.webp\",\"width\":1500,\"height\":1500,\"caption\":\"Cerveza Mahou Cl\u00e1sica Botella 1l\"},{\"@type\":\"BreadcrumbList\",\"@id\":\"https:\\\/\\\/iberoo.com\\\/producto\\\/cerveza-mahou-clasica-botella-1l\\\/#breadcrumb\",\"itemListElement\":[{\"@type\":\"ListItem\",\"position\":1,\"name\":\"Portada\",\"item\":\"https:\\\/\\\/iberoo.com\\\/\"},{\"@type\":\"ListItem\",\"position\":2,\"name\":\"Tienda Online\",\"item\":\"https:\\\/\\\/iberoo.com\\\/tienda\\\/\"},{\"@type\":\"ListItem\",\"position\":3,\"name\":\"Cerveza Mahou Cl\u00e1sica Botella 1l\"}]},{\"@type\":\"WebSite\",\"@id\":\"https:\\\/\\\/iberoo.com\\\/#website\",\"url\":\"https:\\\/\\\/iberoo.com\\\/\",\"name\":\"Iberoo\",\"description\":\"\",\"publisher\":{\"@id\":\"https:\\\/\\\/iberoo.com\\\/#organization\"},\"potentialAction\":[{\"@type\":\"SearchAction\",\"target\":{\"@type\":\"EntryPoint\",\"urlTemplate\":\"https:\\\/\\\/iberoo.com\\\/?s={search_term_string}\"},\"query-input\":{\"@type\":\"PropertyValueSpecification\",\"valueRequired\":true,\"valueName\":\"search_term_string\"}}],\"inLanguage\":\"fr-FR\"},{\"@type\":\"Organization\",\"@id\":\"https:\\\/\\\/iberoo.com\\\/#organization\",\"name\":\"Iberoo\",\"url\":\"https:\\\/\\\/iberoo.com\\\/\",\"logo\":{\"@type\":\"ImageObject\",\"inLanguage\":\"fr-FR\",\"@id\":\"https:\\\/\\\/iberoo.com\\\/#\\\/schema\\\/logo\\\/image\\\/\",\"url\":\"https:\\\/\\\/iberoo.com\\\/wp-content\\\/uploads\\\/2025\\\/11\\\/logo-cuadrado.jpg\",\"contentUrl\":\"https:\\\/\\\/iberoo.com\\\/wp-content\\\/uploads\\\/2025\\\/11\\\/logo-cuadrado.jpg\",\"width\":700,\"height\":700,\"caption\":\"Iberoo\"},\"image\":{\"@id\":\"https:\\\/\\\/iberoo.com\\\/#\\\/schema\\\/logo\\\/image\\\/\"}}]}<\/script>\n<meta property=\"product:brand\" content=\"Mahou\" \/>\n<meta property=\"product:price:amount\" content=\"3.65\" \/>\n<meta property=\"product:price:currency\" content=\"EUR\" \/>\n<meta property=\"og:availability\" content=\"out of stock\" \/>\n<meta property=\"product:availability\" content=\"out of stock\" \/>\n<meta property=\"product:condition\" content=\"new\" \/>\n<!-- \/ Yoast SEO plugin. -->","yoast_head_json":{"title":"Bi\u00e8re Mahou Classique Bouteille de 1 L - Iberoo","description":"La bi\u00e8re Mahou Cl\u00e1sica, la traditionnelle, conditionn\u00e9e dans une bouteille en verre d'un litre pour pr\u00e9server toute sa qualit\u00e9 et sa saveur.","robots":{"index":"index","follow":"follow","max-snippet":"max-snippet:-1","max-image-preview":"max-image-preview:large","max-video-preview":"max-video-preview:-1"},"canonical":"https:\/\/iberoo.com\/fr\/produit\/biere-mahou-classique-bouteille-de-1-l\/","og_locale":"fr_FR","og_type":"article","og_title":"Cerveza Mahou Cl\u00e1sica Botella 1l - Iberoo","og_description":"Cerveza Mahou Cl\u00e1sica, la tradicional de toda la vida, envasada en botella de cristal de un litro para conservar toda su calidad y sabor.","og_url":"https:\/\/iberoo.com\/fr\/produit\/biere-mahou-classique-bouteille-de-1-l\/","og_site_name":"Iberoo","article_modified_time":"2026-04-04T20:12:52+00:00","og_image":[{"width":1500,"height":1500,"url":"https:\/\/iberoo.com\/wp-content\/uploads\/2025\/11\/cerveza-mahou-botella-1l-1.webp","type":"image\/webp"}],"twitter_card":"summary_large_image","twitter_misc":{"Prix":"3,65&nbsp;&euro;","Disponibilit\u00e9":"Rupture de stock"},"schema":{"@context":"https:\/\/schema.org","@graph":[{"@type":"WebPage","@id":"https:\/\/iberoo.com\/producto\/cerveza-mahou-clasica-botella-1l\/","url":"https:\/\/iberoo.com\/producto\/cerveza-mahou-clasica-botella-1l\/","name":"Bi\u00e8re Mahou Classique Bouteille de 1 L - Iberoo","isPartOf":{"@id":"https:\/\/iberoo.com\/#website"},"primaryImageOfPage":{"@id":"https:\/\/iberoo.com\/producto\/cerveza-mahou-clasica-botella-1l\/#primaryimage"},"image":{"@id":"https:\/\/iberoo.com\/producto\/cerveza-mahou-clasica-botella-1l\/#primaryimage"},"thumbnailUrl":"https:\/\/iberoo.com\/wp-content\/uploads\/2025\/11\/cerveza-mahou-botella-1l-1.webp","datePublished":"2025-11-14T22:57:06+00:00","dateModified":"2026-04-04T20:12:52+00:00","description":"La bi\u00e8re Mahou Cl\u00e1sica, la traditionnelle, conditionn\u00e9e dans une bouteille en verre d'un litre pour pr\u00e9server toute sa qualit\u00e9 et sa saveur.","breadcrumb":{"@id":"https:\/\/iberoo.com\/producto\/cerveza-mahou-clasica-botella-1l\/#breadcrumb"},"inLanguage":"fr-FR","potentialAction":[{"@type":"ReadAction","target":["https:\/\/iberoo.com\/producto\/cerveza-mahou-clasica-botella-1l\/"]}]},{"@type":"ImageObject","inLanguage":"fr-FR","@id":"https:\/\/iberoo.com\/producto\/cerveza-mahou-clasica-botella-1l\/#primaryimage","url":"https:\/\/iberoo.com\/wp-content\/uploads\/2025\/11\/cerveza-mahou-botella-1l-1.webp","contentUrl":"https:\/\/iberoo.com\/wp-content\/uploads\/2025\/11\/cerveza-mahou-botella-1l-1.webp","width":1500,"height":1500,"caption":"Cerveza Mahou Cl\u00e1sica Botella 1l"},{"@type":"BreadcrumbList","@id":"https:\/\/iberoo.com\/producto\/cerveza-mahou-clasica-botella-1l\/#breadcrumb","itemListElement":[{"@type":"ListItem","position":1,"name":"Portada","item":"https:\/\/iberoo.com\/"},{"@type":"ListItem","position":2,"name":"Tienda Online","item":"https:\/\/iberoo.com\/tienda\/"},{"@type":"ListItem","position":3,"name":"Cerveza Mahou Cl\u00e1sica Botella 1l"}]},{"@type":"WebSite","@id":"https:\/\/iberoo.com\/#website","url":"https:\/\/iberoo.com\/","name":"Iberoo","description":"","publisher":{"@id":"https:\/\/iberoo.com\/#organization"},"potentialAction":[{"@type":"SearchAction","target":{"@type":"EntryPoint","urlTemplate":"https:\/\/iberoo.com\/?s={search_term_string}"},"query-input":{"@type":"PropertyValueSpecification","valueRequired":true,"valueName":"search_term_string"}}],"inLanguage":"fr-FR"},{"@type":"Organization","@id":"https:\/\/iberoo.com\/#organization","name":"Iberoo","url":"https:\/\/iberoo.com\/","logo":{"@type":"ImageObject","inLanguage":"fr-FR","@id":"https:\/\/iberoo.com\/#\/schema\/logo\/image\/","url":"https:\/\/iberoo.com\/wp-content\/uploads\/2025\/11\/logo-cuadrado.jpg","contentUrl":"https:\/\/iberoo.com\/wp-content\/uploads\/2025\/11\/logo-cuadrado.jpg","width":700,"height":700,"caption":"Iberoo"},"image":{"@id":"https:\/\/iberoo.com\/#\/schema\/logo\/image\/"}}]},"product_brand":"Mahou","product_price_amount":"3.65","product_price_currency":"EUR","og_availability":"out of stock","product_availability":"out of stock","product_condition":"new"},"_links":{"self":[{"href":"https:\/\/iberoo.com\/fr\/wp-json\/wp\/v2\/product\/948","targetHints":{"allow":["GET"]}}],"collection":[{"href":"https:\/\/iberoo.com\/fr\/wp-json\/wp\/v2\/product"}],"about":[{"href":"https:\/\/iberoo.com\/fr\/wp-json\/wp\/v2\/types\/product"}],"replies":[{"embeddable":true,"href":"https:\/\/iberoo.com\/fr\/wp-json\/wp\/v2\/comments?post=948"}],"wp:featuredmedia":[{"embeddable":true,"href":"https:\/\/iberoo.com\/fr\/wp-json\/wp\/v2\/media\/975"}],"wp:attachment":[{"href":"https:\/\/iberoo.com\/fr\/wp-json\/wp\/v2\/media?parent=948"}],"wp:term":[{"taxonomy":"product_brand","embeddable":true,"href":"https:\/\/iberoo.com\/fr\/wp-json\/wp\/v2\/product_brand?post=948"},{"taxonomy":"product_cat","embeddable":true,"href":"https:\/\/iberoo.com\/fr\/wp-json\/wp\/v2\/product_cat?post=948"},{"taxonomy":"product_tag","embeddable":true,"href":"https:\/\/iberoo.com\/fr\/wp-json\/wp\/v2\/product_tag?post=948"}],"curies":[{"name":"wp","href":"https:\/\/api.w.org\/{rel}","templated":true}]}}