{"id":949,"date":"2025-11-14T23:57:06","date_gmt":"2025-11-14T22:57:06","guid":{"rendered":"https:\/\/iberoo.com\/?post_type=product&#038;p=949"},"modified":"2026-04-04T22:12:53","modified_gmt":"2026-04-04T20:12:53","slug":"biere-speciale-estrella-galicia-canette-de-33-cl","status":"publish","type":"product","link":"https:\/\/iberoo.com\/fr\/produit\/biere-speciale-estrella-galicia-canette-de-33-cl\/","title":{"rendered":"Bi\u00e8re sp\u00e9ciale Estrella Galicia Canette de 33 cl"},"content":{"rendered":"<p>La bi\u00e8re Estrella Galicia Especial en canette de 33 cl est un choix incontournable pour les amateurs de lager \u00e9quilibr\u00e9e, au go\u00fbt pur et au caract\u00e8re authentique, reflet de la tradition brassicole galicienne. Son conditionnement en canette garantit une pr\u00e9servation optimale des ar\u00f4mes et de la fra\u00eecheur, prot\u00e9geant la bi\u00e8re de la lumi\u00e8re et pr\u00e9servant ainsi toutes ses qualit\u00e9s, de la premi\u00e8re \u00e0 la derni\u00e8re gorg\u00e9e. Le format 33 cl est id\u00e9al \u00e0 d\u00e9guster \u00e0 tout moment\u00a0: rafra\u00eechissante au quotidien et parfaite pour accompagner les repas, les en-cas ou les moments de convivialit\u00e9 entre amis.<\/p>\n<p>Dans notre magasin, vous pouvez l'acheter \u00e0 l'unit\u00e9, id\u00e9ale pour la d\u00e9couvrir ou compl\u00e9ter une commande, ainsi qu'en packs de 6 et de 12, adapt\u00e9s \u00e0 diff\u00e9rents besoins. Le pack de 6 est pratique pour ceux qui recherchent un bon compromis entre quantit\u00e9 et praticit\u00e9, tandis que le pack de 12 est parfait pour toujours avoir une bi\u00e8re de qualit\u00e9 \u00e0 la maison, pr\u00e9parer une f\u00eate ou partager avec des amis sans craindre d'en manquer.<\/p>\n<p>L'Estrella Galicia Especial se distingue par sa robe dor\u00e9e \u00e9clatante, sa mousse persistante et son profil aromatique o\u00f9 dominent les notes malt\u00e9es et une l\u00e9g\u00e8re amertume houblonn\u00e9e. Chaque canette offre une exp\u00e9rience rafra\u00eechissante et l\u00e9g\u00e8re, avec cette amertume caract\u00e9ristique qui en fait une bi\u00e8re facile \u00e0 boire et pleine de caract\u00e8re. \u00c0 d\u00e9guster chez soi, entre amis ou \u00e0 offrir, cette bi\u00e8re est un choix s\u00fbr pour ceux qui recherchent la qualit\u00e9 et l'authenticit\u00e9 dans chaque canette.<\/p>","protected":false},"excerpt":{"rendered":"<p>Estrella Galicia Special Beer, une des meilleures bi\u00e8res d'Espagne, en canettes de 33 cl. Disponible \u00e0 l'unit\u00e9 ou en packs de 12 ou 24 canettes.<\/p>","protected":false},"featured_media":976,"comment_status":"closed","ping_status":"closed","template":"","meta":[],"product_brand":[100],"product_cat":[130],"product_tag":[],"class_list":{"0":"post-949","1":"product","2":"type-product","3":"status-publish","4":"has-post-thumbnail","6":"product_brand-estrella-de-galicia","7":"product_cat-cerveza","9":"first","10":"instock","11":"shipping-taxable","12":"purchasable","13":"product-type-variable"},"yoast_head":"<!-- This site is optimized with the Yoast SEO plugin v27.3 - https:\/\/yoast.com\/product\/yoast-seo-wordpress\/ -->\n<title>Cerveza Estrella de Galicia Especial Lata 33cl - Iberoo<\/title>\n<meta name=\"description\" content=\"Cerveza especial Estrella de Galicia, una de las mejores cervezas de Espa\u00f1a, en lata de 33cl. Disponible en latas sueltas o en pack de 12 o 24 latas.\" \/>\n<meta name=\"robots\" content=\"index, follow, max-snippet:-1, max-image-preview:large, max-video-preview:-1\" \/>\n<link rel=\"canonical\" href=\"https:\/\/iberoo.com\/fr\/produit\/biere-speciale-estrella-galicia-canette-de-33-cl\/\" \/>\n<meta property=\"og:locale\" content=\"fr_FR\" \/>\n<meta property=\"og:type\" content=\"article\" \/>\n<meta property=\"og:title\" content=\"Cerveza Estrella de Galicia Especial Lata 33cl - Iberoo\" \/>\n<meta property=\"og:description\" content=\"Cerveza especial Estrella de Galicia, una de las mejores cervezas de Espa\u00f1a, en lata de 33cl. Disponible en latas sueltas o en pack de 12 o 24 latas.\" \/>\n<meta property=\"og:url\" content=\"https:\/\/iberoo.com\/fr\/produit\/biere-speciale-estrella-galicia-canette-de-33-cl\/\" \/>\n<meta property=\"og:site_name\" content=\"Iberoo\" \/>\n<meta property=\"article:modified_time\" content=\"2026-04-04T20:12:53+00:00\" \/>\n<meta property=\"og:image\" content=\"https:\/\/iberoo.com\/wp-content\/uploads\/2025\/11\/cerveza-estrella-galicia-bote-33cl-1.jpg\" \/>\n\t<meta property=\"og:image:width\" content=\"769\" \/>\n\t<meta property=\"og:image:height\" content=\"769\" \/>\n\t<meta property=\"og:image:type\" content=\"image\/jpeg\" \/>\n<meta name=\"twitter:card\" content=\"summary_large_image\" \/>\n<meta name=\"twitter:label1\" content=\"Disponibilit\u00e9\" \/>\n\t<meta name=\"twitter:data1\" content=\"En stock\" \/>\n<script type=\"application\/ld+json\" class=\"yoast-schema-graph\">{\"@context\":\"https:\\\/\\\/schema.org\",\"@graph\":[{\"@type\":\"WebPage\",\"@id\":\"https:\\\/\\\/iberoo.com\\\/producto\\\/cerveza-estrella-de-galicia-especial-lata-33cl\\\/\",\"url\":\"https:\\\/\\\/iberoo.com\\\/producto\\\/cerveza-estrella-de-galicia-especial-lata-33cl\\\/\",\"name\":\"Cerveza Estrella de Galicia Especial Lata 33cl - Iberoo\",\"isPartOf\":{\"@id\":\"https:\\\/\\\/iberoo.com\\\/#website\"},\"primaryImageOfPage\":{\"@id\":\"https:\\\/\\\/iberoo.com\\\/producto\\\/cerveza-estrella-de-galicia-especial-lata-33cl\\\/#primaryimage\"},\"image\":{\"@id\":\"https:\\\/\\\/iberoo.com\\\/producto\\\/cerveza-estrella-de-galicia-especial-lata-33cl\\\/#primaryimage\"},\"thumbnailUrl\":\"https:\\\/\\\/iberoo.com\\\/wp-content\\\/uploads\\\/2025\\\/11\\\/cerveza-estrella-galicia-bote-33cl-1.jpg\",\"datePublished\":\"2025-11-14T22:57:06+00:00\",\"dateModified\":\"2026-04-04T20:12:53+00:00\",\"description\":\"Cerveza especial Estrella de Galicia, una de las mejores cervezas de Espa\u00f1a, en lata de 33cl. Disponible en latas sueltas o en pack de 12 o 24 latas.\",\"breadcrumb\":{\"@id\":\"https:\\\/\\\/iberoo.com\\\/producto\\\/cerveza-estrella-de-galicia-especial-lata-33cl\\\/#breadcrumb\"},\"inLanguage\":\"fr-FR\",\"potentialAction\":[{\"@type\":\"ReadAction\",\"target\":[\"https:\\\/\\\/iberoo.com\\\/producto\\\/cerveza-estrella-de-galicia-especial-lata-33cl\\\/\"]}]},{\"@type\":\"ImageObject\",\"inLanguage\":\"fr-FR\",\"@id\":\"https:\\\/\\\/iberoo.com\\\/producto\\\/cerveza-estrella-de-galicia-especial-lata-33cl\\\/#primaryimage\",\"url\":\"https:\\\/\\\/iberoo.com\\\/wp-content\\\/uploads\\\/2025\\\/11\\\/cerveza-estrella-galicia-bote-33cl-1.jpg\",\"contentUrl\":\"https:\\\/\\\/iberoo.com\\\/wp-content\\\/uploads\\\/2025\\\/11\\\/cerveza-estrella-galicia-bote-33cl-1.jpg\",\"width\":769,\"height\":769,\"caption\":\"Cerveza Estrella de Galicia Especial Lata 33cl\"},{\"@type\":\"BreadcrumbList\",\"@id\":\"https:\\\/\\\/iberoo.com\\\/producto\\\/cerveza-estrella-de-galicia-especial-lata-33cl\\\/#breadcrumb\",\"itemListElement\":[{\"@type\":\"ListItem\",\"position\":1,\"name\":\"Portada\",\"item\":\"https:\\\/\\\/iberoo.com\\\/\"},{\"@type\":\"ListItem\",\"position\":2,\"name\":\"Tienda Online\",\"item\":\"https:\\\/\\\/iberoo.com\\\/tienda\\\/\"},{\"@type\":\"ListItem\",\"position\":3,\"name\":\"Cerveza Estrella de Galicia Especial Lata 33cl\"}]},{\"@type\":\"WebSite\",\"@id\":\"https:\\\/\\\/iberoo.com\\\/#website\",\"url\":\"https:\\\/\\\/iberoo.com\\\/\",\"name\":\"Iberoo\",\"description\":\"\",\"publisher\":{\"@id\":\"https:\\\/\\\/iberoo.com\\\/#organization\"},\"potentialAction\":[{\"@type\":\"SearchAction\",\"target\":{\"@type\":\"EntryPoint\",\"urlTemplate\":\"https:\\\/\\\/iberoo.com\\\/?s={search_term_string}\"},\"query-input\":{\"@type\":\"PropertyValueSpecification\",\"valueRequired\":true,\"valueName\":\"search_term_string\"}}],\"inLanguage\":\"fr-FR\"},{\"@type\":\"Organization\",\"@id\":\"https:\\\/\\\/iberoo.com\\\/#organization\",\"name\":\"Iberoo\",\"url\":\"https:\\\/\\\/iberoo.com\\\/\",\"logo\":{\"@type\":\"ImageObject\",\"inLanguage\":\"fr-FR\",\"@id\":\"https:\\\/\\\/iberoo.com\\\/#\\\/schema\\\/logo\\\/image\\\/\",\"url\":\"https:\\\/\\\/iberoo.com\\\/wp-content\\\/uploads\\\/2025\\\/11\\\/logo-cuadrado.jpg\",\"contentUrl\":\"https:\\\/\\\/iberoo.com\\\/wp-content\\\/uploads\\\/2025\\\/11\\\/logo-cuadrado.jpg\",\"width\":700,\"height\":700,\"caption\":\"Iberoo\"},\"image\":{\"@id\":\"https:\\\/\\\/iberoo.com\\\/#\\\/schema\\\/logo\\\/image\\\/\"}}]}<\/script>\n<meta property=\"product:brand\" content=\"Estrella de Galicia\" \/>\n<meta property=\"og:availability\" content=\"instock\" \/>\n<meta property=\"product:availability\" content=\"instock\" \/>\n<meta property=\"product:condition\" content=\"new\" \/>\n<!-- \/ Yoast SEO plugin. -->","yoast_head_json":{"title":"Bi\u00e8re sp\u00e9ciale Estrella Galicia Canette de 33 cl - Iberoo","description":"Estrella Galicia Special Beer, une des meilleures bi\u00e8res d'Espagne, en canettes de 33 cl. Disponible \u00e0 l'unit\u00e9 ou en packs de 12 ou 24 canettes.","robots":{"index":"index","follow":"follow","max-snippet":"max-snippet:-1","max-image-preview":"max-image-preview:large","max-video-preview":"max-video-preview:-1"},"canonical":"https:\/\/iberoo.com\/fr\/produit\/biere-speciale-estrella-galicia-canette-de-33-cl\/","og_locale":"fr_FR","og_type":"article","og_title":"Cerveza Estrella de Galicia Especial Lata 33cl - Iberoo","og_description":"Cerveza especial Estrella de Galicia, una de las mejores cervezas de Espa\u00f1a, en lata de 33cl. Disponible en latas sueltas o en pack de 12 o 24 latas.","og_url":"https:\/\/iberoo.com\/fr\/produit\/biere-speciale-estrella-galicia-canette-de-33-cl\/","og_site_name":"Iberoo","article_modified_time":"2026-04-04T20:12:53+00:00","og_image":[{"width":769,"height":769,"url":"https:\/\/iberoo.com\/wp-content\/uploads\/2025\/11\/cerveza-estrella-galicia-bote-33cl-1.jpg","type":"image\/jpeg"}],"twitter_card":"summary_large_image","twitter_misc":{"Disponibilit\u00e9":"En stock"},"schema":{"@context":"https:\/\/schema.org","@graph":[{"@type":"WebPage","@id":"https:\/\/iberoo.com\/producto\/cerveza-estrella-de-galicia-especial-lata-33cl\/","url":"https:\/\/iberoo.com\/producto\/cerveza-estrella-de-galicia-especial-lata-33cl\/","name":"Bi\u00e8re sp\u00e9ciale Estrella Galicia Canette de 33 cl - Iberoo","isPartOf":{"@id":"https:\/\/iberoo.com\/#website"},"primaryImageOfPage":{"@id":"https:\/\/iberoo.com\/producto\/cerveza-estrella-de-galicia-especial-lata-33cl\/#primaryimage"},"image":{"@id":"https:\/\/iberoo.com\/producto\/cerveza-estrella-de-galicia-especial-lata-33cl\/#primaryimage"},"thumbnailUrl":"https:\/\/iberoo.com\/wp-content\/uploads\/2025\/11\/cerveza-estrella-galicia-bote-33cl-1.jpg","datePublished":"2025-11-14T22:57:06+00:00","dateModified":"2026-04-04T20:12:53+00:00","description":"Estrella Galicia Special Beer, une des meilleures bi\u00e8res d'Espagne, en canettes de 33 cl. Disponible \u00e0 l'unit\u00e9 ou en packs de 12 ou 24 canettes.","breadcrumb":{"@id":"https:\/\/iberoo.com\/producto\/cerveza-estrella-de-galicia-especial-lata-33cl\/#breadcrumb"},"inLanguage":"fr-FR","potentialAction":[{"@type":"ReadAction","target":["https:\/\/iberoo.com\/producto\/cerveza-estrella-de-galicia-especial-lata-33cl\/"]}]},{"@type":"ImageObject","inLanguage":"fr-FR","@id":"https:\/\/iberoo.com\/producto\/cerveza-estrella-de-galicia-especial-lata-33cl\/#primaryimage","url":"https:\/\/iberoo.com\/wp-content\/uploads\/2025\/11\/cerveza-estrella-galicia-bote-33cl-1.jpg","contentUrl":"https:\/\/iberoo.com\/wp-content\/uploads\/2025\/11\/cerveza-estrella-galicia-bote-33cl-1.jpg","width":769,"height":769,"caption":"Cerveza Estrella de Galicia Especial Lata 33cl"},{"@type":"BreadcrumbList","@id":"https:\/\/iberoo.com\/producto\/cerveza-estrella-de-galicia-especial-lata-33cl\/#breadcrumb","itemListElement":[{"@type":"ListItem","position":1,"name":"Portada","item":"https:\/\/iberoo.com\/"},{"@type":"ListItem","position":2,"name":"Tienda Online","item":"https:\/\/iberoo.com\/tienda\/"},{"@type":"ListItem","position":3,"name":"Cerveza Estrella de Galicia Especial Lata 33cl"}]},{"@type":"WebSite","@id":"https:\/\/iberoo.com\/#website","url":"https:\/\/iberoo.com\/","name":"Iberoo","description":"","publisher":{"@id":"https:\/\/iberoo.com\/#organization"},"potentialAction":[{"@type":"SearchAction","target":{"@type":"EntryPoint","urlTemplate":"https:\/\/iberoo.com\/?s={search_term_string}"},"query-input":{"@type":"PropertyValueSpecification","valueRequired":true,"valueName":"search_term_string"}}],"inLanguage":"fr-FR"},{"@type":"Organization","@id":"https:\/\/iberoo.com\/#organization","name":"Iberoo","url":"https:\/\/iberoo.com\/","logo":{"@type":"ImageObject","inLanguage":"fr-FR","@id":"https:\/\/iberoo.com\/#\/schema\/logo\/image\/","url":"https:\/\/iberoo.com\/wp-content\/uploads\/2025\/11\/logo-cuadrado.jpg","contentUrl":"https:\/\/iberoo.com\/wp-content\/uploads\/2025\/11\/logo-cuadrado.jpg","width":700,"height":700,"caption":"Iberoo"},"image":{"@id":"https:\/\/iberoo.com\/#\/schema\/logo\/image\/"}}]},"product_brand":"Estrella de Galicia","og_availability":"instock","product_availability":"instock","product_condition":"new"},"_links":{"self":[{"href":"https:\/\/iberoo.com\/fr\/wp-json\/wp\/v2\/product\/949","targetHints":{"allow":["GET"]}}],"collection":[{"href":"https:\/\/iberoo.com\/fr\/wp-json\/wp\/v2\/product"}],"about":[{"href":"https:\/\/iberoo.com\/fr\/wp-json\/wp\/v2\/types\/product"}],"replies":[{"embeddable":true,"href":"https:\/\/iberoo.com\/fr\/wp-json\/wp\/v2\/comments?post=949"}],"wp:featuredmedia":[{"embeddable":true,"href":"https:\/\/iberoo.com\/fr\/wp-json\/wp\/v2\/media\/976"}],"wp:attachment":[{"href":"https:\/\/iberoo.com\/fr\/wp-json\/wp\/v2\/media?parent=949"}],"wp:term":[{"taxonomy":"product_brand","embeddable":true,"href":"https:\/\/iberoo.com\/fr\/wp-json\/wp\/v2\/product_brand?post=949"},{"taxonomy":"product_cat","embeddable":true,"href":"https:\/\/iberoo.com\/fr\/wp-json\/wp\/v2\/product_cat?post=949"},{"taxonomy":"product_tag","embeddable":true,"href":"https:\/\/iberoo.com\/fr\/wp-json\/wp\/v2\/product_tag?post=949"}],"curies":[{"name":"wp","href":"https:\/\/api.w.org\/{rel}","templated":true}]}}