{"id":953,"date":"2025-11-14T23:57:07","date_gmt":"2025-11-14T22:57:07","guid":{"rendered":"https:\/\/iberoo.com\/?post_type=product&#038;p=953"},"modified":"2026-04-04T23:13:27","modified_gmt":"2026-04-04T21:13:27","slug":"biere-speciale-estrella-galicia-bouteille-de-25-cl","status":"publish","type":"product","link":"https:\/\/iberoo.com\/fr\/produit\/biere-speciale-estrella-galicia-bouteille-de-25-cl\/","title":{"rendered":"Bi\u00e8re sp\u00e9ciale Estrella Galicia Bouteille de 25 cl"},"content":{"rendered":"<p>Savourez l'authenticit\u00e9 de la tradition brassicole avec la bi\u00e8re Estrella Galicia Especial, une boisson haut de gamme \u00e9labor\u00e9e \u00e0 partir des meilleurs ingr\u00e9dients pour une exp\u00e9rience unique \u00e0 chaque gorg\u00e9e. Conditionn\u00e9e en bouteilles de 25 cl, cette bi\u00e8re est id\u00e9ale pour ceux qui recherchent une boisson rafra\u00eechissante au go\u00fbt incomparable.<\/p>\n<p>L'Estrella Galicia Especial se distingue par son go\u00fbt \u00e9quilibr\u00e9, alliant la douceur du malt \u00e0 une l\u00e9g\u00e8re amertume, caract\u00e9ristique des meilleures lagers. Son brassage, selon une recette originale de la brasserie galicienne, garantit une qualit\u00e9 exceptionnelle, ce qui en fait l'une des bi\u00e8res les plus appr\u00e9ci\u00e9es des amateurs.<\/p>\n<p>Disponible en packs de 12 ou 24 bouteilles, elle est id\u00e9ale \u00e0 d\u00e9guster seul ou \u00e0 partager lors de r\u00e9unions et de f\u00eates entre amis ou en famille. Son format de 25 cl est parfait pour \u00eatre servi bien frais et ainsi appr\u00e9cier pleinement sa saveur et sa fra\u00eecheur. De plus, son format pratique facilite le rangement et le transport.<\/p>\n<p>La bi\u00e8re Estrella Galicia Especial est bien plus qu'une simple bi\u00e8re\u00a0; c'est une invitation \u00e0 savourer l'essence de la Galice \u00e0 chaque gorg\u00e9e. Que vous l'accompagniez de vos plats pr\u00e9f\u00e9r\u00e9s ou que vous vous d\u00e9tendiez simplement en fin de journ\u00e9e, cette bi\u00e8re est le choix id\u00e9al pour les amateurs de qualit\u00e9 et de saveur.<\/p>\n<p>N'attendez plus et procurez-vous votre pack Estrella Galicia Especial pour vivre une exp\u00e9rience brassicole unique !<\/p>","protected":false},"excerpt":{"rendered":"<p>Estrella Galicia Special Beer, une des meilleures bi\u00e8res d'Espagne, en bouteilles de 25 cl (aussi appel\u00e9es quarts de bouteille). Disponible en packs de 12 ou 24 bouteilles.<\/p>","protected":false},"featured_media":979,"comment_status":"closed","ping_status":"closed","template":"","meta":[],"product_brand":[100],"product_cat":[130],"product_tag":[],"class_list":{"0":"post-953","1":"product","2":"type-product","3":"status-publish","4":"has-post-thumbnail","6":"product_brand-estrella-de-galicia","7":"product_cat-cerveza","9":"first","10":"outofstock","11":"shipping-taxable","12":"purchasable","13":"product-type-variable"},"yoast_head":"<!-- This site is optimized with the Yoast SEO plugin v27.3 - https:\/\/yoast.com\/product\/yoast-seo-wordpress\/ -->\n<title>Cerveza Especial Estrella de Galicia Botell\u00edn 25cl - Iberoo<\/title>\n<meta name=\"description\" content=\"Cerveza especial Estrella de Galicia, una de las mejores cervezas de Espa\u00f1a, en botell\u00edn de 25cl, tambi\u00e9n conocidos como cuartos.\" \/>\n<meta name=\"robots\" content=\"index, follow, max-snippet:-1, max-image-preview:large, max-video-preview:-1\" \/>\n<link rel=\"canonical\" href=\"https:\/\/iberoo.com\/fr\/produit\/biere-speciale-estrella-galicia-bouteille-de-25-cl\/\" \/>\n<meta property=\"og:locale\" content=\"fr_FR\" \/>\n<meta property=\"og:type\" content=\"article\" \/>\n<meta property=\"og:title\" content=\"Cerveza Especial Estrella de Galicia Botell\u00edn 25cl - Iberoo\" \/>\n<meta property=\"og:description\" content=\"Cerveza especial Estrella de Galicia, una de las mejores cervezas de Espa\u00f1a, en botell\u00edn de 25cl, tambi\u00e9n conocidos como cuartos.\" \/>\n<meta property=\"og:url\" content=\"https:\/\/iberoo.com\/fr\/produit\/biere-speciale-estrella-galicia-bouteille-de-25-cl\/\" \/>\n<meta property=\"og:site_name\" content=\"Iberoo\" \/>\n<meta property=\"article:modified_time\" content=\"2026-04-04T21:13:27+00:00\" \/>\n<meta property=\"og:image\" content=\"https:\/\/iberoo.com\/wp-content\/uploads\/2025\/11\/cerveza-estrella-galicia-botellin-25cl-1.jpg\" \/>\n\t<meta property=\"og:image:width\" content=\"1500\" \/>\n\t<meta property=\"og:image:height\" content=\"1500\" \/>\n\t<meta property=\"og:image:type\" content=\"image\/jpeg\" \/>\n<meta name=\"twitter:card\" content=\"summary_large_image\" \/>\n<meta name=\"twitter:label1\" content=\"Disponibilit\u00e9\" \/>\n\t<meta name=\"twitter:data1\" content=\"Rupture de stock\" \/>\n<script type=\"application\/ld+json\" class=\"yoast-schema-graph\">{\"@context\":\"https:\\\/\\\/schema.org\",\"@graph\":[{\"@type\":\"WebPage\",\"@id\":\"https:\\\/\\\/iberoo.com\\\/producto\\\/cerveza-especial-estrella-de-galicia-botellin-25cl\\\/\",\"url\":\"https:\\\/\\\/iberoo.com\\\/producto\\\/cerveza-especial-estrella-de-galicia-botellin-25cl\\\/\",\"name\":\"Cerveza Especial Estrella de Galicia Botell\u00edn 25cl - Iberoo\",\"isPartOf\":{\"@id\":\"https:\\\/\\\/iberoo.com\\\/#website\"},\"primaryImageOfPage\":{\"@id\":\"https:\\\/\\\/iberoo.com\\\/producto\\\/cerveza-especial-estrella-de-galicia-botellin-25cl\\\/#primaryimage\"},\"image\":{\"@id\":\"https:\\\/\\\/iberoo.com\\\/producto\\\/cerveza-especial-estrella-de-galicia-botellin-25cl\\\/#primaryimage\"},\"thumbnailUrl\":\"https:\\\/\\\/iberoo.com\\\/wp-content\\\/uploads\\\/2025\\\/11\\\/cerveza-estrella-galicia-botellin-25cl-1.jpg\",\"datePublished\":\"2025-11-14T22:57:07+00:00\",\"dateModified\":\"2026-04-04T21:13:27+00:00\",\"description\":\"Cerveza especial Estrella de Galicia, una de las mejores cervezas de Espa\u00f1a, en botell\u00edn de 25cl, tambi\u00e9n conocidos como cuartos.\",\"breadcrumb\":{\"@id\":\"https:\\\/\\\/iberoo.com\\\/producto\\\/cerveza-especial-estrella-de-galicia-botellin-25cl\\\/#breadcrumb\"},\"inLanguage\":\"fr-FR\",\"potentialAction\":[{\"@type\":\"ReadAction\",\"target\":[\"https:\\\/\\\/iberoo.com\\\/producto\\\/cerveza-especial-estrella-de-galicia-botellin-25cl\\\/\"]}]},{\"@type\":\"ImageObject\",\"inLanguage\":\"fr-FR\",\"@id\":\"https:\\\/\\\/iberoo.com\\\/producto\\\/cerveza-especial-estrella-de-galicia-botellin-25cl\\\/#primaryimage\",\"url\":\"https:\\\/\\\/iberoo.com\\\/wp-content\\\/uploads\\\/2025\\\/11\\\/cerveza-estrella-galicia-botellin-25cl-1.jpg\",\"contentUrl\":\"https:\\\/\\\/iberoo.com\\\/wp-content\\\/uploads\\\/2025\\\/11\\\/cerveza-estrella-galicia-botellin-25cl-1.jpg\",\"width\":1500,\"height\":1500,\"caption\":\"Cerveza Especial Estrella de Galicia Botell\u00edn 25cl\"},{\"@type\":\"BreadcrumbList\",\"@id\":\"https:\\\/\\\/iberoo.com\\\/producto\\\/cerveza-especial-estrella-de-galicia-botellin-25cl\\\/#breadcrumb\",\"itemListElement\":[{\"@type\":\"ListItem\",\"position\":1,\"name\":\"Portada\",\"item\":\"https:\\\/\\\/iberoo.com\\\/\"},{\"@type\":\"ListItem\",\"position\":2,\"name\":\"Tienda Online\",\"item\":\"https:\\\/\\\/iberoo.com\\\/tienda\\\/\"},{\"@type\":\"ListItem\",\"position\":3,\"name\":\"Cerveza Especial Estrella de Galicia Botell\u00edn 25cl\"}]},{\"@type\":\"WebSite\",\"@id\":\"https:\\\/\\\/iberoo.com\\\/#website\",\"url\":\"https:\\\/\\\/iberoo.com\\\/\",\"name\":\"Iberoo\",\"description\":\"\",\"publisher\":{\"@id\":\"https:\\\/\\\/iberoo.com\\\/#organization\"},\"potentialAction\":[{\"@type\":\"SearchAction\",\"target\":{\"@type\":\"EntryPoint\",\"urlTemplate\":\"https:\\\/\\\/iberoo.com\\\/?s={search_term_string}\"},\"query-input\":{\"@type\":\"PropertyValueSpecification\",\"valueRequired\":true,\"valueName\":\"search_term_string\"}}],\"inLanguage\":\"fr-FR\"},{\"@type\":\"Organization\",\"@id\":\"https:\\\/\\\/iberoo.com\\\/#organization\",\"name\":\"Iberoo\",\"url\":\"https:\\\/\\\/iberoo.com\\\/\",\"logo\":{\"@type\":\"ImageObject\",\"inLanguage\":\"fr-FR\",\"@id\":\"https:\\\/\\\/iberoo.com\\\/#\\\/schema\\\/logo\\\/image\\\/\",\"url\":\"https:\\\/\\\/iberoo.com\\\/wp-content\\\/uploads\\\/2025\\\/11\\\/logo-cuadrado.jpg\",\"contentUrl\":\"https:\\\/\\\/iberoo.com\\\/wp-content\\\/uploads\\\/2025\\\/11\\\/logo-cuadrado.jpg\",\"width\":700,\"height\":700,\"caption\":\"Iberoo\"},\"image\":{\"@id\":\"https:\\\/\\\/iberoo.com\\\/#\\\/schema\\\/logo\\\/image\\\/\"}}]}<\/script>\n<meta property=\"product:brand\" content=\"Estrella de Galicia\" \/>\n<meta property=\"og:availability\" content=\"out of stock\" \/>\n<meta property=\"product:availability\" content=\"out of stock\" \/>\n<meta property=\"product:condition\" content=\"new\" \/>\n<!-- \/ Yoast SEO plugin. -->","yoast_head_json":{"title":"Bi\u00e8re sp\u00e9ciale Estrella Galicia Bouteille de 25 cl - Iberoo","description":"Estrella Galicia, une bi\u00e8re sp\u00e9ciale parmi les meilleures d'Espagne, en bouteilles de 25 cl, \u00e9galement appel\u00e9es quarters.","robots":{"index":"index","follow":"follow","max-snippet":"max-snippet:-1","max-image-preview":"max-image-preview:large","max-video-preview":"max-video-preview:-1"},"canonical":"https:\/\/iberoo.com\/fr\/produit\/biere-speciale-estrella-galicia-bouteille-de-25-cl\/","og_locale":"fr_FR","og_type":"article","og_title":"Cerveza Especial Estrella de Galicia Botell\u00edn 25cl - Iberoo","og_description":"Cerveza especial Estrella de Galicia, una de las mejores cervezas de Espa\u00f1a, en botell\u00edn de 25cl, tambi\u00e9n conocidos como cuartos.","og_url":"https:\/\/iberoo.com\/fr\/produit\/biere-speciale-estrella-galicia-bouteille-de-25-cl\/","og_site_name":"Iberoo","article_modified_time":"2026-04-04T21:13:27+00:00","og_image":[{"width":1500,"height":1500,"url":"https:\/\/iberoo.com\/wp-content\/uploads\/2025\/11\/cerveza-estrella-galicia-botellin-25cl-1.jpg","type":"image\/jpeg"}],"twitter_card":"summary_large_image","twitter_misc":{"Disponibilit\u00e9":"Rupture de stock"},"schema":{"@context":"https:\/\/schema.org","@graph":[{"@type":"WebPage","@id":"https:\/\/iberoo.com\/producto\/cerveza-especial-estrella-de-galicia-botellin-25cl\/","url":"https:\/\/iberoo.com\/producto\/cerveza-especial-estrella-de-galicia-botellin-25cl\/","name":"Bi\u00e8re sp\u00e9ciale Estrella Galicia Bouteille de 25 cl - Iberoo","isPartOf":{"@id":"https:\/\/iberoo.com\/#website"},"primaryImageOfPage":{"@id":"https:\/\/iberoo.com\/producto\/cerveza-especial-estrella-de-galicia-botellin-25cl\/#primaryimage"},"image":{"@id":"https:\/\/iberoo.com\/producto\/cerveza-especial-estrella-de-galicia-botellin-25cl\/#primaryimage"},"thumbnailUrl":"https:\/\/iberoo.com\/wp-content\/uploads\/2025\/11\/cerveza-estrella-galicia-botellin-25cl-1.jpg","datePublished":"2025-11-14T22:57:07+00:00","dateModified":"2026-04-04T21:13:27+00:00","description":"Estrella Galicia, une bi\u00e8re sp\u00e9ciale parmi les meilleures d'Espagne, en bouteilles de 25 cl, \u00e9galement appel\u00e9es quarters.","breadcrumb":{"@id":"https:\/\/iberoo.com\/producto\/cerveza-especial-estrella-de-galicia-botellin-25cl\/#breadcrumb"},"inLanguage":"fr-FR","potentialAction":[{"@type":"ReadAction","target":["https:\/\/iberoo.com\/producto\/cerveza-especial-estrella-de-galicia-botellin-25cl\/"]}]},{"@type":"ImageObject","inLanguage":"fr-FR","@id":"https:\/\/iberoo.com\/producto\/cerveza-especial-estrella-de-galicia-botellin-25cl\/#primaryimage","url":"https:\/\/iberoo.com\/wp-content\/uploads\/2025\/11\/cerveza-estrella-galicia-botellin-25cl-1.jpg","contentUrl":"https:\/\/iberoo.com\/wp-content\/uploads\/2025\/11\/cerveza-estrella-galicia-botellin-25cl-1.jpg","width":1500,"height":1500,"caption":"Cerveza Especial Estrella de Galicia Botell\u00edn 25cl"},{"@type":"BreadcrumbList","@id":"https:\/\/iberoo.com\/producto\/cerveza-especial-estrella-de-galicia-botellin-25cl\/#breadcrumb","itemListElement":[{"@type":"ListItem","position":1,"name":"Portada","item":"https:\/\/iberoo.com\/"},{"@type":"ListItem","position":2,"name":"Tienda Online","item":"https:\/\/iberoo.com\/tienda\/"},{"@type":"ListItem","position":3,"name":"Cerveza Especial Estrella de Galicia Botell\u00edn 25cl"}]},{"@type":"WebSite","@id":"https:\/\/iberoo.com\/#website","url":"https:\/\/iberoo.com\/","name":"Iberoo","description":"","publisher":{"@id":"https:\/\/iberoo.com\/#organization"},"potentialAction":[{"@type":"SearchAction","target":{"@type":"EntryPoint","urlTemplate":"https:\/\/iberoo.com\/?s={search_term_string}"},"query-input":{"@type":"PropertyValueSpecification","valueRequired":true,"valueName":"search_term_string"}}],"inLanguage":"fr-FR"},{"@type":"Organization","@id":"https:\/\/iberoo.com\/#organization","name":"Iberoo","url":"https:\/\/iberoo.com\/","logo":{"@type":"ImageObject","inLanguage":"fr-FR","@id":"https:\/\/iberoo.com\/#\/schema\/logo\/image\/","url":"https:\/\/iberoo.com\/wp-content\/uploads\/2025\/11\/logo-cuadrado.jpg","contentUrl":"https:\/\/iberoo.com\/wp-content\/uploads\/2025\/11\/logo-cuadrado.jpg","width":700,"height":700,"caption":"Iberoo"},"image":{"@id":"https:\/\/iberoo.com\/#\/schema\/logo\/image\/"}}]},"product_brand":"Estrella de Galicia","og_availability":"out of stock","product_availability":"out of stock","product_condition":"new"},"_links":{"self":[{"href":"https:\/\/iberoo.com\/fr\/wp-json\/wp\/v2\/product\/953","targetHints":{"allow":["GET"]}}],"collection":[{"href":"https:\/\/iberoo.com\/fr\/wp-json\/wp\/v2\/product"}],"about":[{"href":"https:\/\/iberoo.com\/fr\/wp-json\/wp\/v2\/types\/product"}],"replies":[{"embeddable":true,"href":"https:\/\/iberoo.com\/fr\/wp-json\/wp\/v2\/comments?post=953"}],"wp:featuredmedia":[{"embeddable":true,"href":"https:\/\/iberoo.com\/fr\/wp-json\/wp\/v2\/media\/979"}],"wp:attachment":[{"href":"https:\/\/iberoo.com\/fr\/wp-json\/wp\/v2\/media?parent=953"}],"wp:term":[{"taxonomy":"product_brand","embeddable":true,"href":"https:\/\/iberoo.com\/fr\/wp-json\/wp\/v2\/product_brand?post=953"},{"taxonomy":"product_cat","embeddable":true,"href":"https:\/\/iberoo.com\/fr\/wp-json\/wp\/v2\/product_cat?post=953"},{"taxonomy":"product_tag","embeddable":true,"href":"https:\/\/iberoo.com\/fr\/wp-json\/wp\/v2\/product_tag?post=953"}],"curies":[{"name":"wp","href":"https:\/\/api.w.org\/{rel}","templated":true}]}}