{"id":956,"date":"2025-11-14T23:57:07","date_gmt":"2025-11-14T22:57:07","guid":{"rendered":"https:\/\/iberoo.com\/?post_type=product&#038;p=956"},"modified":"2026-04-04T22:11:30","modified_gmt":"2026-04-04T20:11:30","slug":"biere-speciale-estrella-galicia-bouteille-de-20-cl","status":"publish","type":"product","link":"https:\/\/iberoo.com\/fr\/produit\/biere-speciale-estrella-galicia-bouteille-de-20-cl\/","title":{"rendered":"Bi\u00e8re sp\u00e9ciale Estrella Galicia Bouteille de 20 cl"},"content":{"rendered":"<p>La bi\u00e8re Estrella Galicia Especial en bouteille de 20 cl est id\u00e9ale pour les amateurs de bi\u00e8re \u00e9quilibr\u00e9e, dans un format pratique et facile \u00e0 servir. Son petit format permet de la d\u00e9guster \u00e0 pleine fra\u00eecheur, parfait pour ceux qui pr\u00e9f\u00e8rent de petites quantit\u00e9s sans sacrifier l'authenticit\u00e9 et la saveur de cette c\u00e9l\u00e8bre bi\u00e8re galicienne. La bouteille en verre apporte une touche d'\u00e9l\u00e9gance, pr\u00e9servant les ar\u00f4mes et la clart\u00e9 de sa robe dor\u00e9e \u00e9clatante.<\/p>\n<p>Ce produit est propos\u00e9 en pack de 20 bouteilles, id\u00e9al pour ceux qui recherchent praticit\u00e9 et quantit\u00e9. C'est un excellent choix \u00e0 avoir chez soi, pour recevoir des invit\u00e9s ou tout simplement pour savourer une bi\u00e8re de qualit\u00e9 en toute occasion. De plus, son format est parfait pour accompagner les repas, les tapas ou les amuse-bouche, car il offre un \u00e9quilibre rafra\u00eechissant et subtil qui se marie \u00e0 merveille avec toutes sortes de saveurs.<\/p>\n<p>L'Estrella Galicia Especial se distingue par sa douceur initiale, sa l\u00e9g\u00e8re pr\u00e9sence malt\u00e9e et une amertume bien \u00e9quilibr\u00e9e qui lui conf\u00e8re une finale nette et agr\u00e9able. Sa polyvalence la rend attrayante aussi bien pour les amateurs de bi\u00e8res douces que pour ceux qui recherchent une saveur de caract\u00e8re, tout en restant facile \u00e0 boire. Chaque bouteille offre une exp\u00e9rience rafra\u00eechissante, \u00e9labor\u00e9e avec soin dans le respect de la tradition qui a fait d'Estrella Galicia une marque embl\u00e9matique.<\/p>\n<p>Si vous recherchez une bi\u00e8re avec une identit\u00e9 propre, dans un format pratique et pr\u00eate \u00e0 \u00eatre d\u00e9gust\u00e9e \u00e0 tout moment, ce pack de 20 bouteilles de 20 cl est un choix qui ne vous d\u00e9cevra pas.<\/p>","protected":false},"excerpt":{"rendered":"<p>Estrella Galicia, une bi\u00e8re sp\u00e9ciale parmi les meilleures d'Espagne, en bouteille de 20 cl, \u00e9galement connue en Espagne sous le nom de quintos.<\/p>","protected":false},"featured_media":981,"comment_status":"closed","ping_status":"closed","template":"","meta":[],"product_brand":[100],"product_cat":[130],"product_tag":[],"class_list":{"0":"post-956","1":"product","2":"type-product","3":"status-publish","4":"has-post-thumbnail","6":"product_brand-estrella-de-galicia","7":"product_cat-cerveza","9":"first","10":"outofstock","11":"shipping-taxable","12":"purchasable","13":"product-type-simple"},"yoast_head":"<!-- This site is optimized with the Yoast SEO plugin v27.3 - https:\/\/yoast.com\/product\/yoast-seo-wordpress\/ -->\n<title>Cerveza Especial Estrella de Galicia Botell\u00edn 20cl - Iberoo<\/title>\n<meta name=\"description\" content=\"Cerveza especial Estrella de Galicia, una de las mejores cervezas de Espa\u00f1a, en botell\u00edn de 20cl, tambi\u00e9n conocidos en Espa\u00f1a como quintos.\" \/>\n<meta name=\"robots\" content=\"index, follow, max-snippet:-1, max-image-preview:large, max-video-preview:-1\" \/>\n<link rel=\"canonical\" href=\"https:\/\/iberoo.com\/fr\/produit\/biere-speciale-estrella-galicia-bouteille-de-20-cl\/\" \/>\n<meta property=\"og:locale\" content=\"fr_FR\" \/>\n<meta property=\"og:type\" content=\"article\" \/>\n<meta property=\"og:title\" content=\"Cerveza Especial Estrella de Galicia Botell\u00edn 20cl - Iberoo\" \/>\n<meta property=\"og:description\" content=\"Cerveza especial Estrella de Galicia, una de las mejores cervezas de Espa\u00f1a, en botell\u00edn de 20cl, tambi\u00e9n conocidos en Espa\u00f1a como quintos.\" \/>\n<meta property=\"og:url\" content=\"https:\/\/iberoo.com\/fr\/produit\/biere-speciale-estrella-galicia-bouteille-de-20-cl\/\" \/>\n<meta property=\"og:site_name\" content=\"Iberoo\" \/>\n<meta property=\"article:modified_time\" content=\"2026-04-04T20:11:30+00:00\" \/>\n<meta property=\"og:image\" content=\"https:\/\/iberoo.com\/wp-content\/uploads\/2025\/11\/cerveza-estrella-galicia-botellin-20cl-pack20-1.webp\" \/>\n\t<meta property=\"og:image:width\" content=\"1500\" \/>\n\t<meta property=\"og:image:height\" content=\"1500\" \/>\n\t<meta property=\"og:image:type\" content=\"image\/webp\" \/>\n<meta name=\"twitter:card\" content=\"summary_large_image\" \/>\n<meta name=\"twitter:label1\" content=\"Prix\" \/>\n\t<meta name=\"twitter:data1\" content=\"21,25&nbsp;&euro;\" \/>\n\t<meta name=\"twitter:label2\" content=\"Disponibilit\u00e9\" \/>\n\t<meta name=\"twitter:data2\" content=\"Rupture de stock\" \/>\n<script type=\"application\/ld+json\" class=\"yoast-schema-graph\">{\"@context\":\"https:\\\/\\\/schema.org\",\"@graph\":[{\"@type\":\"WebPage\",\"@id\":\"https:\\\/\\\/iberoo.com\\\/producto\\\/cerveza-especial-estrella-de-galicia-botellin-20cl\\\/\",\"url\":\"https:\\\/\\\/iberoo.com\\\/producto\\\/cerveza-especial-estrella-de-galicia-botellin-20cl\\\/\",\"name\":\"Cerveza Especial Estrella de Galicia Botell\u00edn 20cl - Iberoo\",\"isPartOf\":{\"@id\":\"https:\\\/\\\/iberoo.com\\\/#website\"},\"primaryImageOfPage\":{\"@id\":\"https:\\\/\\\/iberoo.com\\\/producto\\\/cerveza-especial-estrella-de-galicia-botellin-20cl\\\/#primaryimage\"},\"image\":{\"@id\":\"https:\\\/\\\/iberoo.com\\\/producto\\\/cerveza-especial-estrella-de-galicia-botellin-20cl\\\/#primaryimage\"},\"thumbnailUrl\":\"https:\\\/\\\/iberoo.com\\\/wp-content\\\/uploads\\\/2025\\\/11\\\/cerveza-estrella-galicia-botellin-20cl-pack20-1.webp\",\"datePublished\":\"2025-11-14T22:57:07+00:00\",\"dateModified\":\"2026-04-04T20:11:30+00:00\",\"description\":\"Cerveza especial Estrella de Galicia, una de las mejores cervezas de Espa\u00f1a, en botell\u00edn de 20cl, tambi\u00e9n conocidos en Espa\u00f1a como quintos.\",\"breadcrumb\":{\"@id\":\"https:\\\/\\\/iberoo.com\\\/producto\\\/cerveza-especial-estrella-de-galicia-botellin-20cl\\\/#breadcrumb\"},\"inLanguage\":\"fr-FR\",\"potentialAction\":[{\"@type\":\"ReadAction\",\"target\":[\"https:\\\/\\\/iberoo.com\\\/producto\\\/cerveza-especial-estrella-de-galicia-botellin-20cl\\\/\"]}]},{\"@type\":\"ImageObject\",\"inLanguage\":\"fr-FR\",\"@id\":\"https:\\\/\\\/iberoo.com\\\/producto\\\/cerveza-especial-estrella-de-galicia-botellin-20cl\\\/#primaryimage\",\"url\":\"https:\\\/\\\/iberoo.com\\\/wp-content\\\/uploads\\\/2025\\\/11\\\/cerveza-estrella-galicia-botellin-20cl-pack20-1.webp\",\"contentUrl\":\"https:\\\/\\\/iberoo.com\\\/wp-content\\\/uploads\\\/2025\\\/11\\\/cerveza-estrella-galicia-botellin-20cl-pack20-1.webp\",\"width\":1500,\"height\":1500,\"caption\":\"Cerveza Especial Estrella de Galicia Botell\u00edn 20cl\"},{\"@type\":\"BreadcrumbList\",\"@id\":\"https:\\\/\\\/iberoo.com\\\/producto\\\/cerveza-especial-estrella-de-galicia-botellin-20cl\\\/#breadcrumb\",\"itemListElement\":[{\"@type\":\"ListItem\",\"position\":1,\"name\":\"Portada\",\"item\":\"https:\\\/\\\/iberoo.com\\\/\"},{\"@type\":\"ListItem\",\"position\":2,\"name\":\"Tienda Online\",\"item\":\"https:\\\/\\\/iberoo.com\\\/tienda\\\/\"},{\"@type\":\"ListItem\",\"position\":3,\"name\":\"Cerveza Especial Estrella de Galicia Botell\u00edn 20cl\"}]},{\"@type\":\"WebSite\",\"@id\":\"https:\\\/\\\/iberoo.com\\\/#website\",\"url\":\"https:\\\/\\\/iberoo.com\\\/\",\"name\":\"Iberoo\",\"description\":\"\",\"publisher\":{\"@id\":\"https:\\\/\\\/iberoo.com\\\/#organization\"},\"potentialAction\":[{\"@type\":\"SearchAction\",\"target\":{\"@type\":\"EntryPoint\",\"urlTemplate\":\"https:\\\/\\\/iberoo.com\\\/?s={search_term_string}\"},\"query-input\":{\"@type\":\"PropertyValueSpecification\",\"valueRequired\":true,\"valueName\":\"search_term_string\"}}],\"inLanguage\":\"fr-FR\"},{\"@type\":\"Organization\",\"@id\":\"https:\\\/\\\/iberoo.com\\\/#organization\",\"name\":\"Iberoo\",\"url\":\"https:\\\/\\\/iberoo.com\\\/\",\"logo\":{\"@type\":\"ImageObject\",\"inLanguage\":\"fr-FR\",\"@id\":\"https:\\\/\\\/iberoo.com\\\/#\\\/schema\\\/logo\\\/image\\\/\",\"url\":\"https:\\\/\\\/iberoo.com\\\/wp-content\\\/uploads\\\/2025\\\/11\\\/logo-cuadrado.jpg\",\"contentUrl\":\"https:\\\/\\\/iberoo.com\\\/wp-content\\\/uploads\\\/2025\\\/11\\\/logo-cuadrado.jpg\",\"width\":700,\"height\":700,\"caption\":\"Iberoo\"},\"image\":{\"@id\":\"https:\\\/\\\/iberoo.com\\\/#\\\/schema\\\/logo\\\/image\\\/\"}}]}<\/script>\n<meta property=\"product:brand\" content=\"Estrella de Galicia\" \/>\n<meta property=\"product:price:amount\" content=\"21.25\" \/>\n<meta property=\"product:price:currency\" content=\"EUR\" \/>\n<meta property=\"og:availability\" content=\"out of stock\" \/>\n<meta property=\"product:availability\" content=\"out of stock\" \/>\n<meta property=\"product:condition\" content=\"new\" \/>\n<!-- \/ Yoast SEO plugin. -->","yoast_head_json":{"title":"Bi\u00e8re sp\u00e9ciale Estrella Galicia Bouteille de 20 cl - Iberoo","description":"Estrella Galicia, une bi\u00e8re sp\u00e9ciale parmi les meilleures d'Espagne, en bouteille de 20 cl, \u00e9galement connue en Espagne sous le nom de quintos.","robots":{"index":"index","follow":"follow","max-snippet":"max-snippet:-1","max-image-preview":"max-image-preview:large","max-video-preview":"max-video-preview:-1"},"canonical":"https:\/\/iberoo.com\/fr\/produit\/biere-speciale-estrella-galicia-bouteille-de-20-cl\/","og_locale":"fr_FR","og_type":"article","og_title":"Cerveza Especial Estrella de Galicia Botell\u00edn 20cl - Iberoo","og_description":"Cerveza especial Estrella de Galicia, una de las mejores cervezas de Espa\u00f1a, en botell\u00edn de 20cl, tambi\u00e9n conocidos en Espa\u00f1a como quintos.","og_url":"https:\/\/iberoo.com\/fr\/produit\/biere-speciale-estrella-galicia-bouteille-de-20-cl\/","og_site_name":"Iberoo","article_modified_time":"2026-04-04T20:11:30+00:00","og_image":[{"width":1500,"height":1500,"url":"https:\/\/iberoo.com\/wp-content\/uploads\/2025\/11\/cerveza-estrella-galicia-botellin-20cl-pack20-1.webp","type":"image\/webp"}],"twitter_card":"summary_large_image","twitter_misc":{"Prix":"21,25&nbsp;&euro;","Disponibilit\u00e9":"Rupture de stock"},"schema":{"@context":"https:\/\/schema.org","@graph":[{"@type":"WebPage","@id":"https:\/\/iberoo.com\/producto\/cerveza-especial-estrella-de-galicia-botellin-20cl\/","url":"https:\/\/iberoo.com\/producto\/cerveza-especial-estrella-de-galicia-botellin-20cl\/","name":"Bi\u00e8re sp\u00e9ciale Estrella Galicia Bouteille de 20 cl - Iberoo","isPartOf":{"@id":"https:\/\/iberoo.com\/#website"},"primaryImageOfPage":{"@id":"https:\/\/iberoo.com\/producto\/cerveza-especial-estrella-de-galicia-botellin-20cl\/#primaryimage"},"image":{"@id":"https:\/\/iberoo.com\/producto\/cerveza-especial-estrella-de-galicia-botellin-20cl\/#primaryimage"},"thumbnailUrl":"https:\/\/iberoo.com\/wp-content\/uploads\/2025\/11\/cerveza-estrella-galicia-botellin-20cl-pack20-1.webp","datePublished":"2025-11-14T22:57:07+00:00","dateModified":"2026-04-04T20:11:30+00:00","description":"Estrella Galicia, une bi\u00e8re sp\u00e9ciale parmi les meilleures d'Espagne, en bouteille de 20 cl, \u00e9galement connue en Espagne sous le nom de quintos.","breadcrumb":{"@id":"https:\/\/iberoo.com\/producto\/cerveza-especial-estrella-de-galicia-botellin-20cl\/#breadcrumb"},"inLanguage":"fr-FR","potentialAction":[{"@type":"ReadAction","target":["https:\/\/iberoo.com\/producto\/cerveza-especial-estrella-de-galicia-botellin-20cl\/"]}]},{"@type":"ImageObject","inLanguage":"fr-FR","@id":"https:\/\/iberoo.com\/producto\/cerveza-especial-estrella-de-galicia-botellin-20cl\/#primaryimage","url":"https:\/\/iberoo.com\/wp-content\/uploads\/2025\/11\/cerveza-estrella-galicia-botellin-20cl-pack20-1.webp","contentUrl":"https:\/\/iberoo.com\/wp-content\/uploads\/2025\/11\/cerveza-estrella-galicia-botellin-20cl-pack20-1.webp","width":1500,"height":1500,"caption":"Cerveza Especial Estrella de Galicia Botell\u00edn 20cl"},{"@type":"BreadcrumbList","@id":"https:\/\/iberoo.com\/producto\/cerveza-especial-estrella-de-galicia-botellin-20cl\/#breadcrumb","itemListElement":[{"@type":"ListItem","position":1,"name":"Portada","item":"https:\/\/iberoo.com\/"},{"@type":"ListItem","position":2,"name":"Tienda Online","item":"https:\/\/iberoo.com\/tienda\/"},{"@type":"ListItem","position":3,"name":"Cerveza Especial Estrella de Galicia Botell\u00edn 20cl"}]},{"@type":"WebSite","@id":"https:\/\/iberoo.com\/#website","url":"https:\/\/iberoo.com\/","name":"Iberoo","description":"","publisher":{"@id":"https:\/\/iberoo.com\/#organization"},"potentialAction":[{"@type":"SearchAction","target":{"@type":"EntryPoint","urlTemplate":"https:\/\/iberoo.com\/?s={search_term_string}"},"query-input":{"@type":"PropertyValueSpecification","valueRequired":true,"valueName":"search_term_string"}}],"inLanguage":"fr-FR"},{"@type":"Organization","@id":"https:\/\/iberoo.com\/#organization","name":"Iberoo","url":"https:\/\/iberoo.com\/","logo":{"@type":"ImageObject","inLanguage":"fr-FR","@id":"https:\/\/iberoo.com\/#\/schema\/logo\/image\/","url":"https:\/\/iberoo.com\/wp-content\/uploads\/2025\/11\/logo-cuadrado.jpg","contentUrl":"https:\/\/iberoo.com\/wp-content\/uploads\/2025\/11\/logo-cuadrado.jpg","width":700,"height":700,"caption":"Iberoo"},"image":{"@id":"https:\/\/iberoo.com\/#\/schema\/logo\/image\/"}}]},"product_brand":"Estrella de Galicia","product_price_amount":"21.25","product_price_currency":"EUR","og_availability":"out of stock","product_availability":"out of stock","product_condition":"new"},"_links":{"self":[{"href":"https:\/\/iberoo.com\/fr\/wp-json\/wp\/v2\/product\/956","targetHints":{"allow":["GET"]}}],"collection":[{"href":"https:\/\/iberoo.com\/fr\/wp-json\/wp\/v2\/product"}],"about":[{"href":"https:\/\/iberoo.com\/fr\/wp-json\/wp\/v2\/types\/product"}],"replies":[{"embeddable":true,"href":"https:\/\/iberoo.com\/fr\/wp-json\/wp\/v2\/comments?post=956"}],"wp:featuredmedia":[{"embeddable":true,"href":"https:\/\/iberoo.com\/fr\/wp-json\/wp\/v2\/media\/981"}],"wp:attachment":[{"href":"https:\/\/iberoo.com\/fr\/wp-json\/wp\/v2\/media?parent=956"}],"wp:term":[{"taxonomy":"product_brand","embeddable":true,"href":"https:\/\/iberoo.com\/fr\/wp-json\/wp\/v2\/product_brand?post=956"},{"taxonomy":"product_cat","embeddable":true,"href":"https:\/\/iberoo.com\/fr\/wp-json\/wp\/v2\/product_cat?post=956"},{"taxonomy":"product_tag","embeddable":true,"href":"https:\/\/iberoo.com\/fr\/wp-json\/wp\/v2\/product_tag?post=956"}],"curies":[{"name":"wp","href":"https:\/\/api.w.org\/{rel}","templated":true}]}}