{"id":957,"date":"2025-11-14T23:57:07","date_gmt":"2025-11-14T22:57:07","guid":{"rendered":"https:\/\/iberoo.com\/?post_type=product&#038;p=957"},"modified":"2026-04-04T22:11:33","modified_gmt":"2026-04-04T20:11:33","slug":"biere-traditionnelle-alhambra-en-canette-de-33-cl","status":"publish","type":"product","link":"https:\/\/iberoo.com\/fr\/produit\/biere-traditionnelle-alhambra-en-canette-de-33-cl\/","title":{"rendered":"Bi\u00e8re traditionnelle Alhambra en canette de 33 cl"},"content":{"rendered":"<p>La bi\u00e8re Alhambra Traditional en canette de 33 cl est une bi\u00e8re premium qui se distingue par sa saveur unique et son parfait \u00e9quilibre entre tradition et modernit\u00e9. Brass\u00e9e avec les meilleurs ingr\u00e9dients, cette lager offre une exp\u00e9rience riche et rafra\u00eechissante, id\u00e9ale pour ceux qui recherchent qualit\u00e9 et authenticit\u00e9 \u00e0 chaque gorg\u00e9e.<\/p>\n<p>L'Alhambra Tradicional est un parfait exemple du savoir-faire de la brasserie historique de Grenade. Sa recette classique, transmise de g\u00e9n\u00e9ration en g\u00e9n\u00e9ration, associe des malts s\u00e9lectionn\u00e9s et des houblons de la plus haute qualit\u00e9, pour une bi\u00e8re limpide et l\u00e9g\u00e8rement am\u00e8re, au caract\u00e8re malt\u00e9 subtil qui lui conf\u00e8re un \u00e9quilibre parfait. Ce profil aromatique en fait un accord id\u00e9al avec une grande vari\u00e9t\u00e9 de plats, des tapas traditionnelles aux viandes grill\u00e9es en passant par les fromages affin\u00e9s.<\/p>\n<p>Le format canette de 33 cl garantit une fra\u00eecheur optimale et pr\u00e9serve les qualit\u00e9s gustatives de la bi\u00e8re plus longtemps. Pratique \u00e0 transporter et \u00e0 conserver, le pack de 24 canettes est id\u00e9al pour savourer l'Alhambra Tradicional lors de vos r\u00e9unions entre amis, f\u00eates ou pour avoir toujours une bi\u00e8re de qualit\u00e9 \u00e0 port\u00e9e de main tout au long de la journ\u00e9e.<\/p>\n<p>Gr\u00e2ce \u00e0 sa saveur \u00e0 la fois douce et cors\u00e9e, la bi\u00e8re Alhambra Tradicional a conquis les amateurs de bi\u00e8re du monde entier. Son design pratique et moderne en canette pr\u00e9serve sa fra\u00eecheur et lui conf\u00e8re une pr\u00e9sentation impeccable. N'h\u00e9sitez plus, procurez-vous un pack d'Alhambra Tradicional et savourez une bi\u00e8re authentique, rafra\u00eechissante et de qualit\u00e9 sup\u00e9rieure\u00a0!<\/p>","protected":false},"excerpt":{"rendered":"<p>Bi\u00e8re traditionnelle de la c\u00e9l\u00e8bre marque Alhambra, l'une des bi\u00e8res les plus embl\u00e9matiques d'Espagne, en canettes de 33 cl. Ce format est uniquement disponible par packs de 12.<\/p>","protected":false},"featured_media":982,"comment_status":"closed","ping_status":"closed","template":"","meta":[],"product_brand":[101],"product_cat":[130],"product_tag":[],"class_list":{"0":"post-957","1":"product","2":"type-product","3":"status-publish","4":"has-post-thumbnail","6":"product_brand-alhambra","7":"product_cat-cerveza","9":"first","10":"instock","11":"shipping-taxable","12":"purchasable","13":"product-type-simple"},"yoast_head":"<!-- This site is optimized with the Yoast SEO plugin v27.3 - https:\/\/yoast.com\/product\/yoast-seo-wordpress\/ -->\n<title>Cerveza Alhambra Tradicional Lata 33cl - Iberoo<\/title>\n<meta name=\"description\" content=\"Cerveza tradicional de la reconocida marca Alhambra, una de las cervezas con m\u00e1s tradici\u00f3n en toda Espa\u00f1a, en latas de 33cl.\" \/>\n<meta name=\"robots\" content=\"index, follow, max-snippet:-1, max-image-preview:large, max-video-preview:-1\" \/>\n<link rel=\"canonical\" href=\"https:\/\/iberoo.com\/fr\/produit\/biere-traditionnelle-alhambra-en-canette-de-33-cl\/\" \/>\n<meta property=\"og:locale\" content=\"fr_FR\" \/>\n<meta property=\"og:type\" content=\"article\" \/>\n<meta property=\"og:title\" content=\"Cerveza Alhambra Tradicional Lata 33cl - Iberoo\" \/>\n<meta property=\"og:description\" content=\"Cerveza tradicional de la reconocida marca Alhambra, una de las cervezas con m\u00e1s tradici\u00f3n en toda Espa\u00f1a, en latas de 33cl.\" \/>\n<meta property=\"og:url\" content=\"https:\/\/iberoo.com\/fr\/produit\/biere-traditionnelle-alhambra-en-canette-de-33-cl\/\" \/>\n<meta property=\"og:site_name\" content=\"Iberoo\" \/>\n<meta property=\"article:modified_time\" content=\"2026-04-04T20:11:33+00:00\" \/>\n<meta property=\"og:image\" content=\"https:\/\/iberoo.com\/wp-content\/uploads\/2025\/11\/cerveza-alhambra-33cl-pack12-1.jpg\" \/>\n\t<meta property=\"og:image:width\" content=\"1500\" \/>\n\t<meta property=\"og:image:height\" content=\"1499\" \/>\n\t<meta property=\"og:image:type\" content=\"image\/jpeg\" \/>\n<meta name=\"twitter:card\" content=\"summary_large_image\" \/>\n<meta name=\"twitter:label1\" content=\"Prix\" \/>\n\t<meta name=\"twitter:data1\" content=\"13,25&nbsp;&euro;\" \/>\n\t<meta name=\"twitter:label2\" content=\"Disponibilit\u00e9\" \/>\n\t<meta name=\"twitter:data2\" content=\"En stock\" \/>\n<script type=\"application\/ld+json\" class=\"yoast-schema-graph\">{\"@context\":\"https:\\\/\\\/schema.org\",\"@graph\":[{\"@type\":\"WebPage\",\"@id\":\"https:\\\/\\\/iberoo.com\\\/producto\\\/cerveza-alhambra-tradicional-lata-33cl\\\/\",\"url\":\"https:\\\/\\\/iberoo.com\\\/producto\\\/cerveza-alhambra-tradicional-lata-33cl\\\/\",\"name\":\"Cerveza Alhambra Tradicional Lata 33cl - Iberoo\",\"isPartOf\":{\"@id\":\"https:\\\/\\\/iberoo.com\\\/#website\"},\"primaryImageOfPage\":{\"@id\":\"https:\\\/\\\/iberoo.com\\\/producto\\\/cerveza-alhambra-tradicional-lata-33cl\\\/#primaryimage\"},\"image\":{\"@id\":\"https:\\\/\\\/iberoo.com\\\/producto\\\/cerveza-alhambra-tradicional-lata-33cl\\\/#primaryimage\"},\"thumbnailUrl\":\"https:\\\/\\\/iberoo.com\\\/wp-content\\\/uploads\\\/2025\\\/11\\\/cerveza-alhambra-33cl-pack12-1.jpg\",\"datePublished\":\"2025-11-14T22:57:07+00:00\",\"dateModified\":\"2026-04-04T20:11:33+00:00\",\"description\":\"Cerveza tradicional de la reconocida marca Alhambra, una de las cervezas con m\u00e1s tradici\u00f3n en toda Espa\u00f1a, en latas de 33cl.\",\"breadcrumb\":{\"@id\":\"https:\\\/\\\/iberoo.com\\\/producto\\\/cerveza-alhambra-tradicional-lata-33cl\\\/#breadcrumb\"},\"inLanguage\":\"fr-FR\",\"potentialAction\":[{\"@type\":\"ReadAction\",\"target\":[\"https:\\\/\\\/iberoo.com\\\/producto\\\/cerveza-alhambra-tradicional-lata-33cl\\\/\"]}]},{\"@type\":\"ImageObject\",\"inLanguage\":\"fr-FR\",\"@id\":\"https:\\\/\\\/iberoo.com\\\/producto\\\/cerveza-alhambra-tradicional-lata-33cl\\\/#primaryimage\",\"url\":\"https:\\\/\\\/iberoo.com\\\/wp-content\\\/uploads\\\/2025\\\/11\\\/cerveza-alhambra-33cl-pack12-1.jpg\",\"contentUrl\":\"https:\\\/\\\/iberoo.com\\\/wp-content\\\/uploads\\\/2025\\\/11\\\/cerveza-alhambra-33cl-pack12-1.jpg\",\"width\":1500,\"height\":1499,\"caption\":\"Cerveza Alhambra Tradicional Lata 33cl\"},{\"@type\":\"BreadcrumbList\",\"@id\":\"https:\\\/\\\/iberoo.com\\\/producto\\\/cerveza-alhambra-tradicional-lata-33cl\\\/#breadcrumb\",\"itemListElement\":[{\"@type\":\"ListItem\",\"position\":1,\"name\":\"Portada\",\"item\":\"https:\\\/\\\/iberoo.com\\\/\"},{\"@type\":\"ListItem\",\"position\":2,\"name\":\"Tienda Online\",\"item\":\"https:\\\/\\\/iberoo.com\\\/tienda\\\/\"},{\"@type\":\"ListItem\",\"position\":3,\"name\":\"Cerveza Alhambra Tradicional Lata 33cl\"}]},{\"@type\":\"WebSite\",\"@id\":\"https:\\\/\\\/iberoo.com\\\/#website\",\"url\":\"https:\\\/\\\/iberoo.com\\\/\",\"name\":\"Iberoo\",\"description\":\"\",\"publisher\":{\"@id\":\"https:\\\/\\\/iberoo.com\\\/#organization\"},\"potentialAction\":[{\"@type\":\"SearchAction\",\"target\":{\"@type\":\"EntryPoint\",\"urlTemplate\":\"https:\\\/\\\/iberoo.com\\\/?s={search_term_string}\"},\"query-input\":{\"@type\":\"PropertyValueSpecification\",\"valueRequired\":true,\"valueName\":\"search_term_string\"}}],\"inLanguage\":\"fr-FR\"},{\"@type\":\"Organization\",\"@id\":\"https:\\\/\\\/iberoo.com\\\/#organization\",\"name\":\"Iberoo\",\"url\":\"https:\\\/\\\/iberoo.com\\\/\",\"logo\":{\"@type\":\"ImageObject\",\"inLanguage\":\"fr-FR\",\"@id\":\"https:\\\/\\\/iberoo.com\\\/#\\\/schema\\\/logo\\\/image\\\/\",\"url\":\"https:\\\/\\\/iberoo.com\\\/wp-content\\\/uploads\\\/2025\\\/11\\\/logo-cuadrado.jpg\",\"contentUrl\":\"https:\\\/\\\/iberoo.com\\\/wp-content\\\/uploads\\\/2025\\\/11\\\/logo-cuadrado.jpg\",\"width\":700,\"height\":700,\"caption\":\"Iberoo\"},\"image\":{\"@id\":\"https:\\\/\\\/iberoo.com\\\/#\\\/schema\\\/logo\\\/image\\\/\"}}]}<\/script>\n<meta property=\"product:brand\" content=\"Alhambra\" \/>\n<meta property=\"product:price:amount\" content=\"13.25\" \/>\n<meta property=\"product:price:currency\" content=\"EUR\" \/>\n<meta property=\"og:availability\" content=\"instock\" \/>\n<meta property=\"product:availability\" content=\"instock\" \/>\n<meta property=\"product:condition\" content=\"new\" \/>\n<!-- \/ Yoast SEO plugin. -->","yoast_head_json":{"title":"Bi\u00e8re traditionnelle Alhambra en canette de 33 cl - Iberoo","description":"Bi\u00e8re traditionnelle de la c\u00e9l\u00e8bre marque Alhambra, l'une des bi\u00e8res les plus traditionnelles de toute l'Espagne, en canettes de 33 cl.","robots":{"index":"index","follow":"follow","max-snippet":"max-snippet:-1","max-image-preview":"max-image-preview:large","max-video-preview":"max-video-preview:-1"},"canonical":"https:\/\/iberoo.com\/fr\/produit\/biere-traditionnelle-alhambra-en-canette-de-33-cl\/","og_locale":"fr_FR","og_type":"article","og_title":"Cerveza Alhambra Tradicional Lata 33cl - Iberoo","og_description":"Cerveza tradicional de la reconocida marca Alhambra, una de las cervezas con m\u00e1s tradici\u00f3n en toda Espa\u00f1a, en latas de 33cl.","og_url":"https:\/\/iberoo.com\/fr\/produit\/biere-traditionnelle-alhambra-en-canette-de-33-cl\/","og_site_name":"Iberoo","article_modified_time":"2026-04-04T20:11:33+00:00","og_image":[{"width":1500,"height":1499,"url":"https:\/\/iberoo.com\/wp-content\/uploads\/2025\/11\/cerveza-alhambra-33cl-pack12-1.jpg","type":"image\/jpeg"}],"twitter_card":"summary_large_image","twitter_misc":{"Prix":"13,25&nbsp;&euro;","Disponibilit\u00e9":"En stock"},"schema":{"@context":"https:\/\/schema.org","@graph":[{"@type":"WebPage","@id":"https:\/\/iberoo.com\/producto\/cerveza-alhambra-tradicional-lata-33cl\/","url":"https:\/\/iberoo.com\/producto\/cerveza-alhambra-tradicional-lata-33cl\/","name":"Bi\u00e8re traditionnelle Alhambra en canette de 33 cl - Iberoo","isPartOf":{"@id":"https:\/\/iberoo.com\/#website"},"primaryImageOfPage":{"@id":"https:\/\/iberoo.com\/producto\/cerveza-alhambra-tradicional-lata-33cl\/#primaryimage"},"image":{"@id":"https:\/\/iberoo.com\/producto\/cerveza-alhambra-tradicional-lata-33cl\/#primaryimage"},"thumbnailUrl":"https:\/\/iberoo.com\/wp-content\/uploads\/2025\/11\/cerveza-alhambra-33cl-pack12-1.jpg","datePublished":"2025-11-14T22:57:07+00:00","dateModified":"2026-04-04T20:11:33+00:00","description":"Bi\u00e8re traditionnelle de la c\u00e9l\u00e8bre marque Alhambra, l'une des bi\u00e8res les plus traditionnelles de toute l'Espagne, en canettes de 33 cl.","breadcrumb":{"@id":"https:\/\/iberoo.com\/producto\/cerveza-alhambra-tradicional-lata-33cl\/#breadcrumb"},"inLanguage":"fr-FR","potentialAction":[{"@type":"ReadAction","target":["https:\/\/iberoo.com\/producto\/cerveza-alhambra-tradicional-lata-33cl\/"]}]},{"@type":"ImageObject","inLanguage":"fr-FR","@id":"https:\/\/iberoo.com\/producto\/cerveza-alhambra-tradicional-lata-33cl\/#primaryimage","url":"https:\/\/iberoo.com\/wp-content\/uploads\/2025\/11\/cerveza-alhambra-33cl-pack12-1.jpg","contentUrl":"https:\/\/iberoo.com\/wp-content\/uploads\/2025\/11\/cerveza-alhambra-33cl-pack12-1.jpg","width":1500,"height":1499,"caption":"Cerveza Alhambra Tradicional Lata 33cl"},{"@type":"BreadcrumbList","@id":"https:\/\/iberoo.com\/producto\/cerveza-alhambra-tradicional-lata-33cl\/#breadcrumb","itemListElement":[{"@type":"ListItem","position":1,"name":"Portada","item":"https:\/\/iberoo.com\/"},{"@type":"ListItem","position":2,"name":"Tienda Online","item":"https:\/\/iberoo.com\/tienda\/"},{"@type":"ListItem","position":3,"name":"Cerveza Alhambra Tradicional Lata 33cl"}]},{"@type":"WebSite","@id":"https:\/\/iberoo.com\/#website","url":"https:\/\/iberoo.com\/","name":"Iberoo","description":"","publisher":{"@id":"https:\/\/iberoo.com\/#organization"},"potentialAction":[{"@type":"SearchAction","target":{"@type":"EntryPoint","urlTemplate":"https:\/\/iberoo.com\/?s={search_term_string}"},"query-input":{"@type":"PropertyValueSpecification","valueRequired":true,"valueName":"search_term_string"}}],"inLanguage":"fr-FR"},{"@type":"Organization","@id":"https:\/\/iberoo.com\/#organization","name":"Iberoo","url":"https:\/\/iberoo.com\/","logo":{"@type":"ImageObject","inLanguage":"fr-FR","@id":"https:\/\/iberoo.com\/#\/schema\/logo\/image\/","url":"https:\/\/iberoo.com\/wp-content\/uploads\/2025\/11\/logo-cuadrado.jpg","contentUrl":"https:\/\/iberoo.com\/wp-content\/uploads\/2025\/11\/logo-cuadrado.jpg","width":700,"height":700,"caption":"Iberoo"},"image":{"@id":"https:\/\/iberoo.com\/#\/schema\/logo\/image\/"}}]},"product_brand":"Alhambra","product_price_amount":"13.25","product_price_currency":"EUR","og_availability":"instock","product_availability":"instock","product_condition":"new"},"_links":{"self":[{"href":"https:\/\/iberoo.com\/fr\/wp-json\/wp\/v2\/product\/957","targetHints":{"allow":["GET"]}}],"collection":[{"href":"https:\/\/iberoo.com\/fr\/wp-json\/wp\/v2\/product"}],"about":[{"href":"https:\/\/iberoo.com\/fr\/wp-json\/wp\/v2\/types\/product"}],"replies":[{"embeddable":true,"href":"https:\/\/iberoo.com\/fr\/wp-json\/wp\/v2\/comments?post=957"}],"wp:featuredmedia":[{"embeddable":true,"href":"https:\/\/iberoo.com\/fr\/wp-json\/wp\/v2\/media\/982"}],"wp:attachment":[{"href":"https:\/\/iberoo.com\/fr\/wp-json\/wp\/v2\/media?parent=957"}],"wp:term":[{"taxonomy":"product_brand","embeddable":true,"href":"https:\/\/iberoo.com\/fr\/wp-json\/wp\/v2\/product_brand?post=957"},{"taxonomy":"product_cat","embeddable":true,"href":"https:\/\/iberoo.com\/fr\/wp-json\/wp\/v2\/product_cat?post=957"},{"taxonomy":"product_tag","embeddable":true,"href":"https:\/\/iberoo.com\/fr\/wp-json\/wp\/v2\/product_tag?post=957"}],"curies":[{"name":"wp","href":"https:\/\/api.w.org\/{rel}","templated":true}]}}